{"id":1922,"date":"2023-12-15T08:44:44","date_gmt":"2023-12-15T08:44:44","guid":{"rendered":"https:\/\/imperia.com\/product\/la-fabbrica-della-pasta-gourmet\/"},"modified":"2026-01-30T12:51:55","modified_gmt":"2026-01-30T11:51:55","slug":"la-fabbrica-della-pasta-gourmet","status":"publish","type":"product","link":"https:\/\/imperia.com\/it\/prodotto\/la-fabbrica-della-pasta-gourmet\/","title":{"rendered":"La Fabbrica della Pasta Gourmet"},"content":{"rendered":"","protected":false},"excerpt":{"rendered":"<p>Presentiamo La Fabbrica Della Pasta Gourmet, un set completo progettato per l&#8217;esperienza definitiva nella preparazione della pasta in casa. Questo eccezionale set include l&#8217;iPasta Ruvida, rinomato per la sua capacit\u00e0 di creare fogli di pasta texturizzata, migliorando la capacit\u00e0 della pasta di trattenere i sughi, e tre accessori Simplex, ognuno realizzato per precisione e facilit\u00e0 d&#8217;uso. Questi attacchi sono perfetti per realizzare delicati Tagliolini, tradizionali Trenette e Pappardelle, permettendoti di esplorare una variet\u00e0 di forme e stili di pasta. Ogni accessorio \u00e8 progettato per complementare la pasta a texture ruvida creata dalla macchina iPasta, garantendo un&#8217;esperienza nella preparazione della pasta coerente e autentica.<\/p>\n<p>L&#8217;intero bundle \u00e8 confezionato con attenzione in un&#8217;elegante cassa di legno, fornendo una soluzione di conservazione elegante e protettiva. Inoltre, il set include una borsa di cotone per la corretta conservazione della macchina e degli accessori, insieme a una spazzola per la pulizia.<\/p>\n<p><strong>Caratteristiche Principali:<\/strong><\/p>\n<ul>\n<li>Macchina iPasta Ruvida: Regolabile per larghezze di 6,5 e 12 mm, ideale per pasta con texture ruvida.<\/li>\n<li>Tre Accessori Simplex: Per Tagliolini, Trenette e Pappardelle.<\/li>\n<li>Confezione in Cassa di Legno Elegante: Soluzione di conservazione elegante e funzionale.<\/li>\n<li>Kit Completo per la Preparazione della Pasta: Include una borsa di cotone per la conservazione e una spazzola per la pulizia.<\/li>\n<\/ul>\n","protected":false},"featured_media":1796,"template":"","meta":[],"product_brand":[],"product_cat":[38,36,59,37,40,39],"product_tag":[],"class_list":{"0":"post-1922","1":"product","2":"type-product","3":"status-publish","4":"has-post-thumbnail","6":"product_cat-fettuccine-65-mm","7":"product_cat-lasagnette-12-mm","8":"product_cat-linea-gourmet","9":"product_cat-pappardelle-32-mm","10":"product_cat-tagliolini-2-mm","11":"product_cat-trenette-4-mm","13":"first","14":"instock","15":"shipping-taxable","16":"purchasable","17":"product-type-simple"},"yoast_head":"<!-- This site is optimized with the Yoast SEO plugin v26.6 - https:\/\/yoast.com\/wordpress\/plugins\/seo\/ -->\n<title>La Fabbrica della Pasta Gourmet | Imperia Pasta<\/title>\n<meta name=\"robots\" content=\"index, follow, max-snippet:-1, max-image-preview:large, max-video-preview:-1\" \/>\n<link rel=\"canonical\" href=\"https:\/\/imperia.com\/it\/prodotto\/la-fabbrica-della-pasta-gourmet\/\" \/>\n<meta property=\"og:locale\" content=\"it_IT\" \/>\n<meta property=\"og:type\" content=\"article\" \/>\n<meta property=\"og:title\" content=\"La Fabbrica della Pasta Gourmet | Imperia Pasta\" \/>\n<meta property=\"og:description\" content=\"Presentiamo La Fabbrica Della Pasta Gourmet, un set completo progettato per l&#039;esperienza definitiva nella preparazione della pasta in casa. Questo eccezionale set include l&#039;iPasta Ruvida, rinomato per la sua capacit\u00e0 di creare fogli di pasta texturizzata, migliorando la capacit\u00e0 della pasta di trattenere i sughi, e tre accessori Simplex, ognuno realizzato per precisione e facilit\u00e0 d&#039;uso. Questi attacchi sono perfetti per realizzare delicati Tagliolini, tradizionali Trenette e Pappardelle, permettendoti di esplorare una variet\u00e0 di forme e stili di pasta. Ogni accessorio \u00e8 progettato per complementare la pasta a texture ruvida creata dalla macchina iPasta, garantendo un&#039;esperienza nella preparazione della pasta coerente e autentica.  L&#039;intero bundle \u00e8 confezionato con attenzione in un&#039;elegante cassa di legno, fornendo una soluzione di conservazione elegante e protettiva. Inoltre, il set include una borsa di cotone per la corretta conservazione della macchina e degli accessori, insieme a una spazzola per la pulizia.  Caratteristiche Principali:   Macchina iPasta Ruvida: Regolabile per larghezze di 6,5 e 12 mm, ideale per pasta con texture ruvida.  Tre Accessori Simplex: Per Tagliolini, Trenette e Pappardelle.  Confezione in Cassa di Legno Elegante: Soluzione di conservazione elegante e funzionale.  Kit Completo per la Preparazione della Pasta: Include una borsa di cotone per la conservazione e una spazzola per la pulizia.\" \/>\n<meta property=\"og:url\" content=\"https:\/\/imperia.com\/it\/prodotto\/la-fabbrica-della-pasta-gourmet\/\" \/>\n<meta property=\"og:site_name\" content=\"Imperia Pasta\" \/>\n<meta property=\"article:publisher\" content=\"https:\/\/www.facebook.com\/imperiapasta\" \/>\n<meta property=\"article:modified_time\" content=\"2026-01-30T11:51:55+00:00\" \/>\n<meta property=\"og:image\" content=\"https:\/\/imperia.com\/wp-content\/uploads\/2023\/12\/imperia-109.jpg\" \/>\n\t<meta property=\"og:image:width\" content=\"1080\" \/>\n\t<meta property=\"og:image:height\" content=\"1080\" \/>\n\t<meta property=\"og:image:type\" content=\"image\/jpeg\" \/>\n<meta name=\"twitter:card\" content=\"summary_large_image\" \/>\n<script type=\"application\/ld+json\" class=\"yoast-schema-graph\">{\"@context\":\"https:\/\/schema.org\",\"@graph\":[{\"@type\":\"WebPage\",\"@id\":\"https:\/\/imperia.com\/it\/prodotto\/la-fabbrica-della-pasta-gourmet\/\",\"url\":\"https:\/\/imperia.com\/it\/prodotto\/la-fabbrica-della-pasta-gourmet\/\",\"name\":\"La Fabbrica della Pasta Gourmet | Imperia Pasta\",\"isPartOf\":{\"@id\":\"https:\/\/imperia.com\/#website\"},\"primaryImageOfPage\":{\"@id\":\"https:\/\/imperia.com\/it\/prodotto\/la-fabbrica-della-pasta-gourmet\/#primaryimage\"},\"image\":{\"@id\":\"https:\/\/imperia.com\/it\/prodotto\/la-fabbrica-della-pasta-gourmet\/#primaryimage\"},\"thumbnailUrl\":\"https:\/\/imperia.com\/wp-content\/uploads\/2023\/12\/imperia-109.jpg\",\"datePublished\":\"2023-12-15T08:44:44+00:00\",\"dateModified\":\"2026-01-30T11:51:55+00:00\",\"breadcrumb\":{\"@id\":\"https:\/\/imperia.com\/it\/prodotto\/la-fabbrica-della-pasta-gourmet\/#breadcrumb\"},\"inLanguage\":\"it-IT\",\"potentialAction\":[{\"@type\":\"ReadAction\",\"target\":[\"https:\/\/imperia.com\/it\/prodotto\/la-fabbrica-della-pasta-gourmet\/\"]}]},{\"@type\":\"ImageObject\",\"inLanguage\":\"it-IT\",\"@id\":\"https:\/\/imperia.com\/it\/prodotto\/la-fabbrica-della-pasta-gourmet\/#primaryimage\",\"url\":\"https:\/\/imperia.com\/wp-content\/uploads\/2023\/12\/imperia-109.jpg\",\"contentUrl\":\"https:\/\/imperia.com\/wp-content\/uploads\/2023\/12\/imperia-109.jpg\",\"width\":1080,\"height\":1080},{\"@type\":\"BreadcrumbList\",\"@id\":\"https:\/\/imperia.com\/it\/prodotto\/la-fabbrica-della-pasta-gourmet\/#breadcrumb\",\"itemListElement\":[{\"@type\":\"ListItem\",\"position\":1,\"name\":\"Home\",\"item\":\"https:\/\/imperia.com\/it\/\"},{\"@type\":\"ListItem\",\"position\":2,\"name\":\"Shop\",\"item\":\"https:\/\/imperia.com\/shop\/\"},{\"@type\":\"ListItem\",\"position\":3,\"name\":\"La Fabbrica della Pasta Gourmet\"}]},{\"@type\":\"WebSite\",\"@id\":\"https:\/\/imperia.com\/#website\",\"url\":\"https:\/\/imperia.com\/\",\"name\":\"Imperia Pasta Machines\",\"description\":\"Progressive Italian Pasta Machines since 1932\",\"publisher\":{\"@id\":\"https:\/\/imperia.com\/#organization\"},\"potentialAction\":[{\"@type\":\"SearchAction\",\"target\":{\"@type\":\"EntryPoint\",\"urlTemplate\":\"https:\/\/imperia.com\/?s={search_term_string}\"},\"query-input\":{\"@type\":\"PropertyValueSpecification\",\"valueRequired\":true,\"valueName\":\"search_term_string\"}}],\"inLanguage\":\"it-IT\"},{\"@type\":\"Organization\",\"@id\":\"https:\/\/imperia.com\/#organization\",\"name\":\"Imperia Pasta\",\"url\":\"https:\/\/imperia.com\/\",\"logo\":{\"@type\":\"ImageObject\",\"inLanguage\":\"it-IT\",\"@id\":\"https:\/\/imperia.com\/#\/schema\/logo\/image\/\",\"url\":\"https:\/\/imperia.com\/wp-content\/uploads\/2023\/07\/cropped-logo.png\",\"contentUrl\":\"https:\/\/imperia.com\/wp-content\/uploads\/2023\/07\/cropped-logo.png\",\"width\":512,\"height\":512,\"caption\":\"Imperia Pasta\"},\"image\":{\"@id\":\"https:\/\/imperia.com\/#\/schema\/logo\/image\/\"},\"sameAs\":[\"https:\/\/www.facebook.com\/imperiapasta\",\"https:\/\/www.instagram.com\/imperiapasta\/\"]}]}<\/script>\n<!-- \/ Yoast SEO plugin. -->","yoast_head_json":{"title":"La Fabbrica della Pasta Gourmet | Imperia Pasta","robots":{"index":"index","follow":"follow","max-snippet":"max-snippet:-1","max-image-preview":"max-image-preview:large","max-video-preview":"max-video-preview:-1"},"canonical":"https:\/\/imperia.com\/it\/prodotto\/la-fabbrica-della-pasta-gourmet\/","og_locale":"it_IT","og_type":"article","og_title":"La Fabbrica della Pasta Gourmet | Imperia Pasta","og_description":"Presentiamo La Fabbrica Della Pasta Gourmet, un set completo progettato per l'esperienza definitiva nella preparazione della pasta in casa. Questo eccezionale set include l'iPasta Ruvida, rinomato per la sua capacit\u00e0 di creare fogli di pasta texturizzata, migliorando la capacit\u00e0 della pasta di trattenere i sughi, e tre accessori Simplex, ognuno realizzato per precisione e facilit\u00e0 d'uso. Questi attacchi sono perfetti per realizzare delicati Tagliolini, tradizionali Trenette e Pappardelle, permettendoti di esplorare una variet\u00e0 di forme e stili di pasta. Ogni accessorio \u00e8 progettato per complementare la pasta a texture ruvida creata dalla macchina iPasta, garantendo un'esperienza nella preparazione della pasta coerente e autentica.  L'intero bundle \u00e8 confezionato con attenzione in un'elegante cassa di legno, fornendo una soluzione di conservazione elegante e protettiva. Inoltre, il set include una borsa di cotone per la corretta conservazione della macchina e degli accessori, insieme a una spazzola per la pulizia.  Caratteristiche Principali:   Macchina iPasta Ruvida: Regolabile per larghezze di 6,5 e 12 mm, ideale per pasta con texture ruvida.  Tre Accessori Simplex: Per Tagliolini, Trenette e Pappardelle.  Confezione in Cassa di Legno Elegante: Soluzione di conservazione elegante e funzionale.  Kit Completo per la Preparazione della Pasta: Include una borsa di cotone per la conservazione e una spazzola per la pulizia.","og_url":"https:\/\/imperia.com\/it\/prodotto\/la-fabbrica-della-pasta-gourmet\/","og_site_name":"Imperia Pasta","article_publisher":"https:\/\/www.facebook.com\/imperiapasta","article_modified_time":"2026-01-30T11:51:55+00:00","og_image":[{"width":1080,"height":1080,"url":"https:\/\/imperia.com\/wp-content\/uploads\/2023\/12\/imperia-109.jpg","type":"image\/jpeg"}],"twitter_card":"summary_large_image","schema":{"@context":"https:\/\/schema.org","@graph":[{"@type":"WebPage","@id":"https:\/\/imperia.com\/it\/prodotto\/la-fabbrica-della-pasta-gourmet\/","url":"https:\/\/imperia.com\/it\/prodotto\/la-fabbrica-della-pasta-gourmet\/","name":"La Fabbrica della Pasta Gourmet | Imperia Pasta","isPartOf":{"@id":"https:\/\/imperia.com\/#website"},"primaryImageOfPage":{"@id":"https:\/\/imperia.com\/it\/prodotto\/la-fabbrica-della-pasta-gourmet\/#primaryimage"},"image":{"@id":"https:\/\/imperia.com\/it\/prodotto\/la-fabbrica-della-pasta-gourmet\/#primaryimage"},"thumbnailUrl":"https:\/\/imperia.com\/wp-content\/uploads\/2023\/12\/imperia-109.jpg","datePublished":"2023-12-15T08:44:44+00:00","dateModified":"2026-01-30T11:51:55+00:00","breadcrumb":{"@id":"https:\/\/imperia.com\/it\/prodotto\/la-fabbrica-della-pasta-gourmet\/#breadcrumb"},"inLanguage":"it-IT","potentialAction":[{"@type":"ReadAction","target":["https:\/\/imperia.com\/it\/prodotto\/la-fabbrica-della-pasta-gourmet\/"]}]},{"@type":"ImageObject","inLanguage":"it-IT","@id":"https:\/\/imperia.com\/it\/prodotto\/la-fabbrica-della-pasta-gourmet\/#primaryimage","url":"https:\/\/imperia.com\/wp-content\/uploads\/2023\/12\/imperia-109.jpg","contentUrl":"https:\/\/imperia.com\/wp-content\/uploads\/2023\/12\/imperia-109.jpg","width":1080,"height":1080},{"@type":"BreadcrumbList","@id":"https:\/\/imperia.com\/it\/prodotto\/la-fabbrica-della-pasta-gourmet\/#breadcrumb","itemListElement":[{"@type":"ListItem","position":1,"name":"Home","item":"https:\/\/imperia.com\/it\/"},{"@type":"ListItem","position":2,"name":"Shop","item":"https:\/\/imperia.com\/shop\/"},{"@type":"ListItem","position":3,"name":"La Fabbrica della Pasta Gourmet"}]},{"@type":"WebSite","@id":"https:\/\/imperia.com\/#website","url":"https:\/\/imperia.com\/","name":"Imperia Pasta Machines","description":"Progressive Italian Pasta Machines since 1932","publisher":{"@id":"https:\/\/imperia.com\/#organization"},"potentialAction":[{"@type":"SearchAction","target":{"@type":"EntryPoint","urlTemplate":"https:\/\/imperia.com\/?s={search_term_string}"},"query-input":{"@type":"PropertyValueSpecification","valueRequired":true,"valueName":"search_term_string"}}],"inLanguage":"it-IT"},{"@type":"Organization","@id":"https:\/\/imperia.com\/#organization","name":"Imperia Pasta","url":"https:\/\/imperia.com\/","logo":{"@type":"ImageObject","inLanguage":"it-IT","@id":"https:\/\/imperia.com\/#\/schema\/logo\/image\/","url":"https:\/\/imperia.com\/wp-content\/uploads\/2023\/07\/cropped-logo.png","contentUrl":"https:\/\/imperia.com\/wp-content\/uploads\/2023\/07\/cropped-logo.png","width":512,"height":512,"caption":"Imperia Pasta"},"image":{"@id":"https:\/\/imperia.com\/#\/schema\/logo\/image\/"},"sameAs":["https:\/\/www.facebook.com\/imperiapasta","https:\/\/www.instagram.com\/imperiapasta\/"]}]}},"_links":{"self":[{"href":"https:\/\/imperia.com\/it\/wp-json\/wp\/v2\/product\/1922","targetHints":{"allow":["GET"]}}],"collection":[{"href":"https:\/\/imperia.com\/it\/wp-json\/wp\/v2\/product"}],"about":[{"href":"https:\/\/imperia.com\/it\/wp-json\/wp\/v2\/types\/product"}],"wp:featuredmedia":[{"embeddable":true,"href":"https:\/\/imperia.com\/it\/wp-json\/wp\/v2\/media\/1796"}],"wp:attachment":[{"href":"https:\/\/imperia.com\/it\/wp-json\/wp\/v2\/media?parent=1922"}],"wp:term":[{"taxonomy":"product_brand","embeddable":true,"href":"https:\/\/imperia.com\/it\/wp-json\/wp\/v2\/product_brand?post=1922"},{"taxonomy":"product_cat","embeddable":true,"href":"https:\/\/imperia.com\/it\/wp-json\/wp\/v2\/product_cat?post=1922"},{"taxonomy":"product_tag","embeddable":true,"href":"https:\/\/imperia.com\/it\/wp-json\/wp\/v2\/product_tag?post=1922"}],"curies":[{"name":"wp","href":"https:\/\/api.w.org\/{rel}","templated":true}]}}