{"id":1934,"date":"2023-12-14T09:57:03","date_gmt":"2023-12-14T09:57:03","guid":{"rendered":"https:\/\/imperia.com\/product\/raviolimaker-2\/"},"modified":"2026-03-23T09:50:05","modified_gmt":"2026-03-23T08:50:05","slug":"raviolimaker-2","status":"publish","type":"product","link":"https:\/\/imperia.com\/it\/prodotto\/raviolimaker-2\/","title":{"rendered":"RavioliMaker 2"},"content":{"rendered":"","protected":false},"excerpt":{"rendered":"<p>RavioliMaker 2 \u00e8 un accessorio compatibile con i modelli iPasta e Titania. Questo strumento in legno e acciaio cromato incarna l&#8217;approccio tradizionale alla preparazione della pasta, consentendoti di realizzare ravioli perfettamente sagomati e ripieni con facilit\u00e0. Il modello \u00e8 studiato per creare file di 2 ravioli, ciascuno di dimensioni 5&#215;5 cm, offrendo una dimensione classica per questo tradizionale piatto italiano. Il RavioliMaker 2 porta semplicit\u00e0 e autenticit\u00e0 nel processo di realizzazione della pasta ripiena. \u00c8 un&#8217;aggiunta ideale per coloro che apprezzano l&#8217;arte di creare ravioli fatti in casa con un tocco personale.<\/p>\n<p><strong>Caratteristiche Principali:<\/strong><\/p>\n<ul>\n<li>Compatibilit\u00e0 con iPasta e Titania: Progettato per complementare questi modelli di macchine per pasta.<\/li>\n<li>Design Tradizionale: Approccio classico alla realizzazione dei ravioli.<\/li>\n<li>Creazione Efficiente di Ravioli: Realizza 2 ravioli per fila, ciascuno di dimensione 5&#215;5 cm.<\/li>\n<\/ul>\n","protected":false},"featured_media":1839,"template":"","meta":[],"product_brand":[],"product_cat":[58,48],"product_tag":[],"class_list":{"0":"post-1934","1":"product","2":"type-product","3":"status-publish","4":"has-post-thumbnail","6":"product_cat-linea-classica","7":"product_cat-ravioli","9":"first","10":"instock","11":"shipping-taxable","12":"purchasable","13":"product-type-simple"},"yoast_head":"<!-- This site is optimized with the Yoast SEO plugin v26.6 - https:\/\/yoast.com\/wordpress\/plugins\/seo\/ -->\n<title>RavioliMaker 2 | Imperia Pasta<\/title>\n<meta name=\"robots\" content=\"index, follow, max-snippet:-1, max-image-preview:large, max-video-preview:-1\" \/>\n<link rel=\"canonical\" href=\"https:\/\/imperia.com\/it\/prodotto\/raviolimaker-2\/\" \/>\n<meta property=\"og:locale\" content=\"it_IT\" \/>\n<meta property=\"og:type\" content=\"article\" \/>\n<meta property=\"og:title\" content=\"RavioliMaker 2 | Imperia Pasta\" \/>\n<meta property=\"og:description\" content=\"RavioliMaker 2 \u00e8 un accessorio compatibile con i modelli iPasta e Titania. Questo strumento in legno e acciaio cromato incarna l&#039;approccio tradizionale alla preparazione della pasta, consentendoti di realizzare ravioli perfettamente sagomati e ripieni con facilit\u00e0. Il modello \u00e8 studiato per creare file di 2 ravioli, ciascuno di dimensioni 5x5 cm, offrendo una dimensione classica per questo tradizionale piatto italiano. Il RavioliMaker 2 porta semplicit\u00e0 e autenticit\u00e0 nel processo di realizzazione della pasta ripiena. \u00c8 un&#039;aggiunta ideale per coloro che apprezzano l&#039;arte di creare ravioli fatti in casa con un tocco personale.  Caratteristiche Principali:   Compatibilit\u00e0 con iPasta e Titania: Progettato per complementare questi modelli di macchine per pasta.  Design Tradizionale: Approccio classico alla realizzazione dei ravioli.  Creazione Efficiente di Ravioli: Realizza 2 ravioli per fila, ciascuno di dimensione 5x5 cm.\" \/>\n<meta property=\"og:url\" content=\"https:\/\/imperia.com\/it\/prodotto\/raviolimaker-2\/\" \/>\n<meta property=\"og:site_name\" content=\"Imperia Pasta\" \/>\n<meta property=\"article:publisher\" content=\"https:\/\/www.facebook.com\/imperiapasta\" \/>\n<meta property=\"article:modified_time\" content=\"2026-03-23T08:50:05+00:00\" \/>\n<meta property=\"og:image\" content=\"https:\/\/imperia.com\/wp-content\/uploads\/2023\/12\/raviolimaker.jpg\" \/>\n\t<meta property=\"og:image:width\" content=\"1080\" \/>\n\t<meta property=\"og:image:height\" content=\"1080\" \/>\n\t<meta property=\"og:image:type\" content=\"image\/jpeg\" \/>\n<meta name=\"twitter:card\" content=\"summary_large_image\" \/>\n<script type=\"application\/ld+json\" class=\"yoast-schema-graph\">{\"@context\":\"https:\/\/schema.org\",\"@graph\":[{\"@type\":\"WebPage\",\"@id\":\"https:\/\/imperia.com\/it\/prodotto\/raviolimaker-2\/\",\"url\":\"https:\/\/imperia.com\/it\/prodotto\/raviolimaker-2\/\",\"name\":\"RavioliMaker 2 | Imperia Pasta\",\"isPartOf\":{\"@id\":\"https:\/\/imperia.com\/#website\"},\"primaryImageOfPage\":{\"@id\":\"https:\/\/imperia.com\/it\/prodotto\/raviolimaker-2\/#primaryimage\"},\"image\":{\"@id\":\"https:\/\/imperia.com\/it\/prodotto\/raviolimaker-2\/#primaryimage\"},\"thumbnailUrl\":\"https:\/\/imperia.com\/wp-content\/uploads\/2023\/12\/raviolimaker.jpg\",\"datePublished\":\"2023-12-14T09:57:03+00:00\",\"dateModified\":\"2026-03-23T08:50:05+00:00\",\"breadcrumb\":{\"@id\":\"https:\/\/imperia.com\/it\/prodotto\/raviolimaker-2\/#breadcrumb\"},\"inLanguage\":\"it-IT\",\"potentialAction\":[{\"@type\":\"ReadAction\",\"target\":[\"https:\/\/imperia.com\/it\/prodotto\/raviolimaker-2\/\"]}]},{\"@type\":\"ImageObject\",\"inLanguage\":\"it-IT\",\"@id\":\"https:\/\/imperia.com\/it\/prodotto\/raviolimaker-2\/#primaryimage\",\"url\":\"https:\/\/imperia.com\/wp-content\/uploads\/2023\/12\/raviolimaker.jpg\",\"contentUrl\":\"https:\/\/imperia.com\/wp-content\/uploads\/2023\/12\/raviolimaker.jpg\",\"width\":1080,\"height\":1080},{\"@type\":\"BreadcrumbList\",\"@id\":\"https:\/\/imperia.com\/it\/prodotto\/raviolimaker-2\/#breadcrumb\",\"itemListElement\":[{\"@type\":\"ListItem\",\"position\":1,\"name\":\"Home\",\"item\":\"https:\/\/imperia.com\/it\/\"},{\"@type\":\"ListItem\",\"position\":2,\"name\":\"Shop\",\"item\":\"https:\/\/imperia.com\/shop\/\"},{\"@type\":\"ListItem\",\"position\":3,\"name\":\"RavioliMaker 2\"}]},{\"@type\":\"WebSite\",\"@id\":\"https:\/\/imperia.com\/#website\",\"url\":\"https:\/\/imperia.com\/\",\"name\":\"Imperia Pasta Machines\",\"description\":\"Progressive Italian Pasta Machines since 1932\",\"publisher\":{\"@id\":\"https:\/\/imperia.com\/#organization\"},\"potentialAction\":[{\"@type\":\"SearchAction\",\"target\":{\"@type\":\"EntryPoint\",\"urlTemplate\":\"https:\/\/imperia.com\/?s={search_term_string}\"},\"query-input\":{\"@type\":\"PropertyValueSpecification\",\"valueRequired\":true,\"valueName\":\"search_term_string\"}}],\"inLanguage\":\"it-IT\"},{\"@type\":\"Organization\",\"@id\":\"https:\/\/imperia.com\/#organization\",\"name\":\"Imperia Pasta\",\"url\":\"https:\/\/imperia.com\/\",\"logo\":{\"@type\":\"ImageObject\",\"inLanguage\":\"it-IT\",\"@id\":\"https:\/\/imperia.com\/#\/schema\/logo\/image\/\",\"url\":\"https:\/\/imperia.com\/wp-content\/uploads\/2023\/07\/cropped-logo.png\",\"contentUrl\":\"https:\/\/imperia.com\/wp-content\/uploads\/2023\/07\/cropped-logo.png\",\"width\":512,\"height\":512,\"caption\":\"Imperia Pasta\"},\"image\":{\"@id\":\"https:\/\/imperia.com\/#\/schema\/logo\/image\/\"},\"sameAs\":[\"https:\/\/www.facebook.com\/imperiapasta\",\"https:\/\/www.instagram.com\/imperiapasta\/\"]}]}<\/script>\n<!-- \/ Yoast SEO plugin. -->","yoast_head_json":{"title":"RavioliMaker 2 | Imperia Pasta","robots":{"index":"index","follow":"follow","max-snippet":"max-snippet:-1","max-image-preview":"max-image-preview:large","max-video-preview":"max-video-preview:-1"},"canonical":"https:\/\/imperia.com\/it\/prodotto\/raviolimaker-2\/","og_locale":"it_IT","og_type":"article","og_title":"RavioliMaker 2 | Imperia Pasta","og_description":"RavioliMaker 2 \u00e8 un accessorio compatibile con i modelli iPasta e Titania. Questo strumento in legno e acciaio cromato incarna l'approccio tradizionale alla preparazione della pasta, consentendoti di realizzare ravioli perfettamente sagomati e ripieni con facilit\u00e0. Il modello \u00e8 studiato per creare file di 2 ravioli, ciascuno di dimensioni 5x5 cm, offrendo una dimensione classica per questo tradizionale piatto italiano. Il RavioliMaker 2 porta semplicit\u00e0 e autenticit\u00e0 nel processo di realizzazione della pasta ripiena. \u00c8 un'aggiunta ideale per coloro che apprezzano l'arte di creare ravioli fatti in casa con un tocco personale.  Caratteristiche Principali:   Compatibilit\u00e0 con iPasta e Titania: Progettato per complementare questi modelli di macchine per pasta.  Design Tradizionale: Approccio classico alla realizzazione dei ravioli.  Creazione Efficiente di Ravioli: Realizza 2 ravioli per fila, ciascuno di dimensione 5x5 cm.","og_url":"https:\/\/imperia.com\/it\/prodotto\/raviolimaker-2\/","og_site_name":"Imperia Pasta","article_publisher":"https:\/\/www.facebook.com\/imperiapasta","article_modified_time":"2026-03-23T08:50:05+00:00","og_image":[{"width":1080,"height":1080,"url":"https:\/\/imperia.com\/wp-content\/uploads\/2023\/12\/raviolimaker.jpg","type":"image\/jpeg"}],"twitter_card":"summary_large_image","schema":{"@context":"https:\/\/schema.org","@graph":[{"@type":"WebPage","@id":"https:\/\/imperia.com\/it\/prodotto\/raviolimaker-2\/","url":"https:\/\/imperia.com\/it\/prodotto\/raviolimaker-2\/","name":"RavioliMaker 2 | Imperia Pasta","isPartOf":{"@id":"https:\/\/imperia.com\/#website"},"primaryImageOfPage":{"@id":"https:\/\/imperia.com\/it\/prodotto\/raviolimaker-2\/#primaryimage"},"image":{"@id":"https:\/\/imperia.com\/it\/prodotto\/raviolimaker-2\/#primaryimage"},"thumbnailUrl":"https:\/\/imperia.com\/wp-content\/uploads\/2023\/12\/raviolimaker.jpg","datePublished":"2023-12-14T09:57:03+00:00","dateModified":"2026-03-23T08:50:05+00:00","breadcrumb":{"@id":"https:\/\/imperia.com\/it\/prodotto\/raviolimaker-2\/#breadcrumb"},"inLanguage":"it-IT","potentialAction":[{"@type":"ReadAction","target":["https:\/\/imperia.com\/it\/prodotto\/raviolimaker-2\/"]}]},{"@type":"ImageObject","inLanguage":"it-IT","@id":"https:\/\/imperia.com\/it\/prodotto\/raviolimaker-2\/#primaryimage","url":"https:\/\/imperia.com\/wp-content\/uploads\/2023\/12\/raviolimaker.jpg","contentUrl":"https:\/\/imperia.com\/wp-content\/uploads\/2023\/12\/raviolimaker.jpg","width":1080,"height":1080},{"@type":"BreadcrumbList","@id":"https:\/\/imperia.com\/it\/prodotto\/raviolimaker-2\/#breadcrumb","itemListElement":[{"@type":"ListItem","position":1,"name":"Home","item":"https:\/\/imperia.com\/it\/"},{"@type":"ListItem","position":2,"name":"Shop","item":"https:\/\/imperia.com\/shop\/"},{"@type":"ListItem","position":3,"name":"RavioliMaker 2"}]},{"@type":"WebSite","@id":"https:\/\/imperia.com\/#website","url":"https:\/\/imperia.com\/","name":"Imperia Pasta Machines","description":"Progressive Italian Pasta Machines since 1932","publisher":{"@id":"https:\/\/imperia.com\/#organization"},"potentialAction":[{"@type":"SearchAction","target":{"@type":"EntryPoint","urlTemplate":"https:\/\/imperia.com\/?s={search_term_string}"},"query-input":{"@type":"PropertyValueSpecification","valueRequired":true,"valueName":"search_term_string"}}],"inLanguage":"it-IT"},{"@type":"Organization","@id":"https:\/\/imperia.com\/#organization","name":"Imperia Pasta","url":"https:\/\/imperia.com\/","logo":{"@type":"ImageObject","inLanguage":"it-IT","@id":"https:\/\/imperia.com\/#\/schema\/logo\/image\/","url":"https:\/\/imperia.com\/wp-content\/uploads\/2023\/07\/cropped-logo.png","contentUrl":"https:\/\/imperia.com\/wp-content\/uploads\/2023\/07\/cropped-logo.png","width":512,"height":512,"caption":"Imperia Pasta"},"image":{"@id":"https:\/\/imperia.com\/#\/schema\/logo\/image\/"},"sameAs":["https:\/\/www.facebook.com\/imperiapasta","https:\/\/www.instagram.com\/imperiapasta\/"]}]}},"_links":{"self":[{"href":"https:\/\/imperia.com\/it\/wp-json\/wp\/v2\/product\/1934","targetHints":{"allow":["GET"]}}],"collection":[{"href":"https:\/\/imperia.com\/it\/wp-json\/wp\/v2\/product"}],"about":[{"href":"https:\/\/imperia.com\/it\/wp-json\/wp\/v2\/types\/product"}],"wp:featuredmedia":[{"embeddable":true,"href":"https:\/\/imperia.com\/it\/wp-json\/wp\/v2\/media\/1839"}],"wp:attachment":[{"href":"https:\/\/imperia.com\/it\/wp-json\/wp\/v2\/media?parent=1934"}],"wp:term":[{"taxonomy":"product_brand","embeddable":true,"href":"https:\/\/imperia.com\/it\/wp-json\/wp\/v2\/product_brand?post=1934"},{"taxonomy":"product_cat","embeddable":true,"href":"https:\/\/imperia.com\/it\/wp-json\/wp\/v2\/product_cat?post=1934"},{"taxonomy":"product_tag","embeddable":true,"href":"https:\/\/imperia.com\/it\/wp-json\/wp\/v2\/product_tag?post=1934"}],"curies":[{"name":"wp","href":"https:\/\/api.w.org\/{rel}","templated":true}]}}