{"id":1947,"date":"2023-12-14T09:17:43","date_gmt":"2023-12-14T09:17:43","guid":{"rendered":"https:\/\/imperia.com\/product\/new-titania-electric-ipasta-beige\/"},"modified":"2026-01-25T15:29:36","modified_gmt":"2026-01-25T14:29:36","slug":"new-titania-electric-ipasta-beige","status":"publish","type":"product","link":"https:\/\/imperia.com\/it\/prodotto\/new-titania-electric-ipasta-beige\/","title":{"rendered":"New Titania Electric iPasta Beige"},"content":{"rendered":"","protected":false},"excerpt":{"rendered":"<p>La macchina per la pasta elettrica Imperia Titania, realizzata in acciaio cromato resistente, questa macchina \u00e8 costruita per durare, offrendo sia forza che affidabilit\u00e0. Produce senza sforzo una sfoglia di pasta larga 150mm con l&#8217;opzione di regolare sei diversi spessori, dandoti la flessibilit\u00e0 di soddisfare una variet\u00e0 di preferenze per la pasta. Inoltre, questo modello elettrico semplifica il processo di taglio delle sfoglie di pasta in forme classiche di pasta: Tagliatelle da 2mm e Fettuccine da 6,5mm. Ideale per chi cerca la comodit\u00e0 di una macchina per la pasta elettrica senza compromettere la qualit\u00e0 e l&#8217;autenticit\u00e0 della pasta fatta in casa, l&#8217;Imperia Titania Electric \u00e8 un perfetto mix di artigianato tradizionale e tecnologia moderna.<\/p>\n<p><strong>Caratteristiche Principali:<\/strong><\/p>\n<ul>\n<li>Artigianato Italiano: Realizzata in acciaio cromato per una durabilit\u00e0 duratura.<\/li>\n<li>Opzioni di Spessore Multiple: Impostazioni regolabili per creare sfoglie di pasta da 150mm in sei spessori.<\/li>\n<li>Precisione di Taglio Elettrico: Taglia senza sforzo la pasta in Tagliatelle da 2mm e Fettuccine da 6,5mm.<\/li>\n<li>230V<\/li>\n<\/ul>\n","protected":false},"featured_media":1811,"template":"","meta":[],"product_brand":[],"product_cat":[38,60,40],"product_tag":[],"class_list":{"0":"post-1947","1":"product","2":"type-product","3":"status-publish","4":"has-post-thumbnail","6":"product_cat-fettuccine-65-mm","7":"product_cat-linea-titania","8":"product_cat-tagliolini-2-mm","10":"first","11":"instock","12":"shipping-taxable","13":"purchasable","14":"product-type-simple"},"yoast_head":"<!-- This site is optimized with the Yoast SEO plugin v26.6 - https:\/\/yoast.com\/wordpress\/plugins\/seo\/ -->\n<title>New Titania Electric iPasta Beige | Imperia Pasta<\/title>\n<meta name=\"robots\" content=\"index, follow, max-snippet:-1, max-image-preview:large, max-video-preview:-1\" \/>\n<link rel=\"canonical\" href=\"https:\/\/imperia.com\/it\/prodotto\/new-titania-electric-ipasta-beige\/\" \/>\n<meta property=\"og:locale\" content=\"it_IT\" \/>\n<meta property=\"og:type\" content=\"article\" \/>\n<meta property=\"og:title\" content=\"New Titania Electric iPasta Beige | Imperia Pasta\" \/>\n<meta property=\"og:description\" content=\"La macchina per la pasta elettrica Imperia Titania, realizzata in acciaio cromato resistente, questa macchina \u00e8 costruita per durare, offrendo sia forza che affidabilit\u00e0. Produce senza sforzo una sfoglia di pasta larga 150mm con l&#039;opzione di regolare sei diversi spessori, dandoti la flessibilit\u00e0 di soddisfare una variet\u00e0 di preferenze per la pasta. Inoltre, questo modello elettrico semplifica il processo di taglio delle sfoglie di pasta in forme classiche di pasta: Tagliatelle da 2mm e Fettuccine da 6,5mm. Ideale per chi cerca la comodit\u00e0 di una macchina per la pasta elettrica senza compromettere la qualit\u00e0 e l&#039;autenticit\u00e0 della pasta fatta in casa, l&#039;Imperia Titania Electric \u00e8 un perfetto mix di artigianato tradizionale e tecnologia moderna.  Caratteristiche Principali:   Artigianato Italiano: Realizzata in acciaio cromato per una durabilit\u00e0 duratura.  Opzioni di Spessore Multiple: Impostazioni regolabili per creare sfoglie di pasta da 150mm in sei spessori.  Precisione di Taglio Elettrico: Taglia senza sforzo la pasta in Tagliatelle da 2mm e Fettuccine da 6,5mm.  230V\" \/>\n<meta property=\"og:url\" content=\"https:\/\/imperia.com\/it\/prodotto\/new-titania-electric-ipasta-beige\/\" \/>\n<meta property=\"og:site_name\" content=\"Imperia Pasta\" \/>\n<meta property=\"article:publisher\" content=\"https:\/\/www.facebook.com\/imperiapasta\" \/>\n<meta property=\"article:modified_time\" content=\"2026-01-25T14:29:36+00:00\" \/>\n<meta property=\"og:image\" content=\"https:\/\/imperia.com\/wp-content\/uploads\/2023\/12\/Titania-electric.jpg\" \/>\n\t<meta property=\"og:image:width\" content=\"1080\" \/>\n\t<meta property=\"og:image:height\" content=\"1080\" \/>\n\t<meta property=\"og:image:type\" content=\"image\/jpeg\" \/>\n<meta name=\"twitter:card\" content=\"summary_large_image\" \/>\n<script type=\"application\/ld+json\" class=\"yoast-schema-graph\">{\"@context\":\"https:\/\/schema.org\",\"@graph\":[{\"@type\":\"WebPage\",\"@id\":\"https:\/\/imperia.com\/it\/prodotto\/new-titania-electric-ipasta-beige\/\",\"url\":\"https:\/\/imperia.com\/it\/prodotto\/new-titania-electric-ipasta-beige\/\",\"name\":\"New Titania Electric iPasta Beige | Imperia Pasta\",\"isPartOf\":{\"@id\":\"https:\/\/imperia.com\/#website\"},\"primaryImageOfPage\":{\"@id\":\"https:\/\/imperia.com\/it\/prodotto\/new-titania-electric-ipasta-beige\/#primaryimage\"},\"image\":{\"@id\":\"https:\/\/imperia.com\/it\/prodotto\/new-titania-electric-ipasta-beige\/#primaryimage\"},\"thumbnailUrl\":\"https:\/\/imperia.com\/wp-content\/uploads\/2023\/12\/Titania-electric.jpg\",\"datePublished\":\"2023-12-14T09:17:43+00:00\",\"dateModified\":\"2026-01-25T14:29:36+00:00\",\"breadcrumb\":{\"@id\":\"https:\/\/imperia.com\/it\/prodotto\/new-titania-electric-ipasta-beige\/#breadcrumb\"},\"inLanguage\":\"it-IT\",\"potentialAction\":[{\"@type\":\"ReadAction\",\"target\":[\"https:\/\/imperia.com\/it\/prodotto\/new-titania-electric-ipasta-beige\/\"]}]},{\"@type\":\"ImageObject\",\"inLanguage\":\"it-IT\",\"@id\":\"https:\/\/imperia.com\/it\/prodotto\/new-titania-electric-ipasta-beige\/#primaryimage\",\"url\":\"https:\/\/imperia.com\/wp-content\/uploads\/2023\/12\/Titania-electric.jpg\",\"contentUrl\":\"https:\/\/imperia.com\/wp-content\/uploads\/2023\/12\/Titania-electric.jpg\",\"width\":1080,\"height\":1080},{\"@type\":\"BreadcrumbList\",\"@id\":\"https:\/\/imperia.com\/it\/prodotto\/new-titania-electric-ipasta-beige\/#breadcrumb\",\"itemListElement\":[{\"@type\":\"ListItem\",\"position\":1,\"name\":\"Home\",\"item\":\"https:\/\/imperia.com\/it\/\"},{\"@type\":\"ListItem\",\"position\":2,\"name\":\"Shop\",\"item\":\"https:\/\/imperia.com\/it\/negozio-old\/\"},{\"@type\":\"ListItem\",\"position\":3,\"name\":\"New Titania Electric iPasta Beige\"}]},{\"@type\":\"WebSite\",\"@id\":\"https:\/\/imperia.com\/#website\",\"url\":\"https:\/\/imperia.com\/\",\"name\":\"Imperia Pasta Machines\",\"description\":\"Progressive Italian Pasta Machines since 1932\",\"publisher\":{\"@id\":\"https:\/\/imperia.com\/#organization\"},\"potentialAction\":[{\"@type\":\"SearchAction\",\"target\":{\"@type\":\"EntryPoint\",\"urlTemplate\":\"https:\/\/imperia.com\/?s={search_term_string}\"},\"query-input\":{\"@type\":\"PropertyValueSpecification\",\"valueRequired\":true,\"valueName\":\"search_term_string\"}}],\"inLanguage\":\"it-IT\"},{\"@type\":\"Organization\",\"@id\":\"https:\/\/imperia.com\/#organization\",\"name\":\"Imperia Pasta\",\"url\":\"https:\/\/imperia.com\/\",\"logo\":{\"@type\":\"ImageObject\",\"inLanguage\":\"it-IT\",\"@id\":\"https:\/\/imperia.com\/#\/schema\/logo\/image\/\",\"url\":\"https:\/\/imperia.com\/wp-content\/uploads\/2023\/07\/cropped-logo.png\",\"contentUrl\":\"https:\/\/imperia.com\/wp-content\/uploads\/2023\/07\/cropped-logo.png\",\"width\":512,\"height\":512,\"caption\":\"Imperia Pasta\"},\"image\":{\"@id\":\"https:\/\/imperia.com\/#\/schema\/logo\/image\/\"},\"sameAs\":[\"https:\/\/www.facebook.com\/imperiapasta\",\"https:\/\/www.instagram.com\/imperiapasta\/\"]}]}<\/script>\n<!-- \/ Yoast SEO plugin. -->","yoast_head_json":{"title":"New Titania Electric iPasta Beige | Imperia Pasta","robots":{"index":"index","follow":"follow","max-snippet":"max-snippet:-1","max-image-preview":"max-image-preview:large","max-video-preview":"max-video-preview:-1"},"canonical":"https:\/\/imperia.com\/it\/prodotto\/new-titania-electric-ipasta-beige\/","og_locale":"it_IT","og_type":"article","og_title":"New Titania Electric iPasta Beige | Imperia Pasta","og_description":"La macchina per la pasta elettrica Imperia Titania, realizzata in acciaio cromato resistente, questa macchina \u00e8 costruita per durare, offrendo sia forza che affidabilit\u00e0. Produce senza sforzo una sfoglia di pasta larga 150mm con l'opzione di regolare sei diversi spessori, dandoti la flessibilit\u00e0 di soddisfare una variet\u00e0 di preferenze per la pasta. Inoltre, questo modello elettrico semplifica il processo di taglio delle sfoglie di pasta in forme classiche di pasta: Tagliatelle da 2mm e Fettuccine da 6,5mm. Ideale per chi cerca la comodit\u00e0 di una macchina per la pasta elettrica senza compromettere la qualit\u00e0 e l'autenticit\u00e0 della pasta fatta in casa, l'Imperia Titania Electric \u00e8 un perfetto mix di artigianato tradizionale e tecnologia moderna.  Caratteristiche Principali:   Artigianato Italiano: Realizzata in acciaio cromato per una durabilit\u00e0 duratura.  Opzioni di Spessore Multiple: Impostazioni regolabili per creare sfoglie di pasta da 150mm in sei spessori.  Precisione di Taglio Elettrico: Taglia senza sforzo la pasta in Tagliatelle da 2mm e Fettuccine da 6,5mm.  230V","og_url":"https:\/\/imperia.com\/it\/prodotto\/new-titania-electric-ipasta-beige\/","og_site_name":"Imperia Pasta","article_publisher":"https:\/\/www.facebook.com\/imperiapasta","article_modified_time":"2026-01-25T14:29:36+00:00","og_image":[{"width":1080,"height":1080,"url":"https:\/\/imperia.com\/wp-content\/uploads\/2023\/12\/Titania-electric.jpg","type":"image\/jpeg"}],"twitter_card":"summary_large_image","schema":{"@context":"https:\/\/schema.org","@graph":[{"@type":"WebPage","@id":"https:\/\/imperia.com\/it\/prodotto\/new-titania-electric-ipasta-beige\/","url":"https:\/\/imperia.com\/it\/prodotto\/new-titania-electric-ipasta-beige\/","name":"New Titania Electric iPasta Beige | Imperia Pasta","isPartOf":{"@id":"https:\/\/imperia.com\/#website"},"primaryImageOfPage":{"@id":"https:\/\/imperia.com\/it\/prodotto\/new-titania-electric-ipasta-beige\/#primaryimage"},"image":{"@id":"https:\/\/imperia.com\/it\/prodotto\/new-titania-electric-ipasta-beige\/#primaryimage"},"thumbnailUrl":"https:\/\/imperia.com\/wp-content\/uploads\/2023\/12\/Titania-electric.jpg","datePublished":"2023-12-14T09:17:43+00:00","dateModified":"2026-01-25T14:29:36+00:00","breadcrumb":{"@id":"https:\/\/imperia.com\/it\/prodotto\/new-titania-electric-ipasta-beige\/#breadcrumb"},"inLanguage":"it-IT","potentialAction":[{"@type":"ReadAction","target":["https:\/\/imperia.com\/it\/prodotto\/new-titania-electric-ipasta-beige\/"]}]},{"@type":"ImageObject","inLanguage":"it-IT","@id":"https:\/\/imperia.com\/it\/prodotto\/new-titania-electric-ipasta-beige\/#primaryimage","url":"https:\/\/imperia.com\/wp-content\/uploads\/2023\/12\/Titania-electric.jpg","contentUrl":"https:\/\/imperia.com\/wp-content\/uploads\/2023\/12\/Titania-electric.jpg","width":1080,"height":1080},{"@type":"BreadcrumbList","@id":"https:\/\/imperia.com\/it\/prodotto\/new-titania-electric-ipasta-beige\/#breadcrumb","itemListElement":[{"@type":"ListItem","position":1,"name":"Home","item":"https:\/\/imperia.com\/it\/"},{"@type":"ListItem","position":2,"name":"Shop","item":"https:\/\/imperia.com\/it\/negozio-old\/"},{"@type":"ListItem","position":3,"name":"New Titania Electric iPasta Beige"}]},{"@type":"WebSite","@id":"https:\/\/imperia.com\/#website","url":"https:\/\/imperia.com\/","name":"Imperia Pasta Machines","description":"Progressive Italian Pasta Machines since 1932","publisher":{"@id":"https:\/\/imperia.com\/#organization"},"potentialAction":[{"@type":"SearchAction","target":{"@type":"EntryPoint","urlTemplate":"https:\/\/imperia.com\/?s={search_term_string}"},"query-input":{"@type":"PropertyValueSpecification","valueRequired":true,"valueName":"search_term_string"}}],"inLanguage":"it-IT"},{"@type":"Organization","@id":"https:\/\/imperia.com\/#organization","name":"Imperia Pasta","url":"https:\/\/imperia.com\/","logo":{"@type":"ImageObject","inLanguage":"it-IT","@id":"https:\/\/imperia.com\/#\/schema\/logo\/image\/","url":"https:\/\/imperia.com\/wp-content\/uploads\/2023\/07\/cropped-logo.png","contentUrl":"https:\/\/imperia.com\/wp-content\/uploads\/2023\/07\/cropped-logo.png","width":512,"height":512,"caption":"Imperia Pasta"},"image":{"@id":"https:\/\/imperia.com\/#\/schema\/logo\/image\/"},"sameAs":["https:\/\/www.facebook.com\/imperiapasta","https:\/\/www.instagram.com\/imperiapasta\/"]}]}},"_links":{"self":[{"href":"https:\/\/imperia.com\/it\/wp-json\/wp\/v2\/product\/1947","targetHints":{"allow":["GET"]}}],"collection":[{"href":"https:\/\/imperia.com\/it\/wp-json\/wp\/v2\/product"}],"about":[{"href":"https:\/\/imperia.com\/it\/wp-json\/wp\/v2\/types\/product"}],"wp:featuredmedia":[{"embeddable":true,"href":"https:\/\/imperia.com\/it\/wp-json\/wp\/v2\/media\/1811"}],"wp:attachment":[{"href":"https:\/\/imperia.com\/it\/wp-json\/wp\/v2\/media?parent=1947"}],"wp:term":[{"taxonomy":"product_brand","embeddable":true,"href":"https:\/\/imperia.com\/it\/wp-json\/wp\/v2\/product_brand?post=1947"},{"taxonomy":"product_cat","embeddable":true,"href":"https:\/\/imperia.com\/it\/wp-json\/wp\/v2\/product_cat?post=1947"},{"taxonomy":"product_tag","embeddable":true,"href":"https:\/\/imperia.com\/it\/wp-json\/wp\/v2\/product_tag?post=1947"}],"curies":[{"name":"wp","href":"https:\/\/api.w.org\/{rel}","templated":true}]}}