{"id":1953,"date":"2023-12-14T08:29:50","date_gmt":"2023-12-14T07:29:50","guid":{"rendered":"https:\/\/imperia.com\/product\/duplex-ipasta-capelli-dangelo-trenette-15-4-mm\/"},"modified":"2025-12-15T11:24:59","modified_gmt":"2025-12-15T10:24:59","slug":"duplex-ipasta-capelli-dangelo-trenette-15-4-mm","status":"publish","type":"product","link":"https:\/\/imperia.com\/it\/prodotto\/duplex-ipasta-capelli-dangelo-trenette-15-4-mm\/","title":{"rendered":"Duplex iPasta Capelli d&#8217;Angelo \/ Trenette 1,5\/4 mm"},"content":{"rendered":"","protected":false},"excerpt":{"rendered":"<p>L&#8217;accessorio Duplex per la macchina iPasta \u00e8 uno strumento versatile, specificamente progettato per creare due misure di pasta con un unico accessorio. Permette di realizzare Capelli d&#8217;Angelo delicati con larghezze di 1.5 mm e Trenette leggermente pi\u00f9 larghe di 4 mm. Questo accessorio, realizzato in acciaio inossidabile di alta qualit\u00e0, \u00e8 sia duraturo che facile da pulire, garantendo una lunga durata nella tua cucina.<\/p>\n<p>Caratteristiche principali:<\/p>\n<p>&#8211; Realizzato in Acciaio Inossidabile: Duraturo e facile da mantenere<br \/>\n&#8211; Due Opzioni di Taglio: Capelli d&#8217;Angelo 1.5 mm e Trenette 4 mm<br \/>\n&#8211; Compatibile con la macchina iPasta<\/p>\n","protected":false},"featured_media":1799,"template":"","meta":[],"product_brand":[],"product_cat":[41,58,39],"product_tag":[],"class_list":{"0":"post-1953","1":"product","2":"type-product","3":"status-publish","4":"has-post-thumbnail","6":"product_cat-capelli-dangelo-15-mm","7":"product_cat-linea-classica","8":"product_cat-trenette-4-mm","10":"first","11":"instock","12":"shipping-taxable","13":"purchasable","14":"product-type-simple"},"yoast_head":"<!-- This site is optimized with the Yoast SEO plugin v26.6 - https:\/\/yoast.com\/wordpress\/plugins\/seo\/ -->\n<title>Duplex iPasta Capelli d&#039;Angelo \/ Trenette 1,5\/4 mm | Imperia Pasta<\/title>\n<meta name=\"robots\" content=\"index, follow, max-snippet:-1, max-image-preview:large, max-video-preview:-1\" \/>\n<link rel=\"canonical\" href=\"https:\/\/imperia.com\/it\/prodotto\/duplex-ipasta-capelli-dangelo-trenette-15-4-mm\/\" \/>\n<meta property=\"og:locale\" content=\"it_IT\" \/>\n<meta property=\"og:type\" content=\"article\" \/>\n<meta property=\"og:title\" content=\"Duplex iPasta Capelli d&#039;Angelo \/ Trenette 1,5\/4 mm | Imperia Pasta\" \/>\n<meta property=\"og:description\" content=\"L&#039;accessorio Duplex per la macchina iPasta \u00e8 uno strumento versatile, specificamente progettato per creare due misure di pasta con un unico accessorio. Permette di realizzare Capelli d&#039;Angelo delicati con larghezze di 1.5 mm e Trenette leggermente pi\u00f9 larghe di 4 mm. Questo accessorio, realizzato in acciaio inossidabile di alta qualit\u00e0, \u00e8 sia duraturo che facile da pulire, garantendo una lunga durata nella tua cucina.  Caratteristiche principali:  - Realizzato in Acciaio Inossidabile: Duraturo e facile da mantenere - Due Opzioni di Taglio: Capelli d&#039;Angelo 1.5 mm e Trenette 4 mm - Compatibile con la macchina iPasta\" \/>\n<meta property=\"og:url\" content=\"https:\/\/imperia.com\/it\/prodotto\/duplex-ipasta-capelli-dangelo-trenette-15-4-mm\/\" \/>\n<meta property=\"og:site_name\" content=\"Imperia Pasta\" \/>\n<meta property=\"article:publisher\" content=\"https:\/\/www.facebook.com\/imperiapasta\" \/>\n<meta property=\"article:modified_time\" content=\"2025-12-15T10:24:59+00:00\" \/>\n<meta property=\"og:image\" content=\"https:\/\/imperia.com\/wp-content\/uploads\/2023\/12\/duplex-taglio-capelli-dangelo-trenette-1_5-4.jpg\" \/>\n\t<meta property=\"og:image:width\" content=\"1080\" \/>\n\t<meta property=\"og:image:height\" content=\"1080\" \/>\n\t<meta property=\"og:image:type\" content=\"image\/jpeg\" \/>\n<meta name=\"twitter:card\" content=\"summary_large_image\" \/>\n<script type=\"application\/ld+json\" class=\"yoast-schema-graph\">{\"@context\":\"https:\/\/schema.org\",\"@graph\":[{\"@type\":\"WebPage\",\"@id\":\"https:\/\/imperia.com\/it\/prodotto\/duplex-ipasta-capelli-dangelo-trenette-15-4-mm\/\",\"url\":\"https:\/\/imperia.com\/it\/prodotto\/duplex-ipasta-capelli-dangelo-trenette-15-4-mm\/\",\"name\":\"Duplex iPasta Capelli d'Angelo \/ Trenette 1,5\/4 mm | Imperia Pasta\",\"isPartOf\":{\"@id\":\"https:\/\/imperia.com\/#website\"},\"primaryImageOfPage\":{\"@id\":\"https:\/\/imperia.com\/it\/prodotto\/duplex-ipasta-capelli-dangelo-trenette-15-4-mm\/#primaryimage\"},\"image\":{\"@id\":\"https:\/\/imperia.com\/it\/prodotto\/duplex-ipasta-capelli-dangelo-trenette-15-4-mm\/#primaryimage\"},\"thumbnailUrl\":\"https:\/\/imperia.com\/wp-content\/uploads\/2023\/12\/duplex-taglio-capelli-dangelo-trenette-1_5-4.jpg\",\"datePublished\":\"2023-12-14T07:29:50+00:00\",\"dateModified\":\"2025-12-15T10:24:59+00:00\",\"breadcrumb\":{\"@id\":\"https:\/\/imperia.com\/it\/prodotto\/duplex-ipasta-capelli-dangelo-trenette-15-4-mm\/#breadcrumb\"},\"inLanguage\":\"it-IT\",\"potentialAction\":[{\"@type\":\"ReadAction\",\"target\":[\"https:\/\/imperia.com\/it\/prodotto\/duplex-ipasta-capelli-dangelo-trenette-15-4-mm\/\"]}]},{\"@type\":\"ImageObject\",\"inLanguage\":\"it-IT\",\"@id\":\"https:\/\/imperia.com\/it\/prodotto\/duplex-ipasta-capelli-dangelo-trenette-15-4-mm\/#primaryimage\",\"url\":\"https:\/\/imperia.com\/wp-content\/uploads\/2023\/12\/duplex-taglio-capelli-dangelo-trenette-1_5-4.jpg\",\"contentUrl\":\"https:\/\/imperia.com\/wp-content\/uploads\/2023\/12\/duplex-taglio-capelli-dangelo-trenette-1_5-4.jpg\",\"width\":1080,\"height\":1080},{\"@type\":\"BreadcrumbList\",\"@id\":\"https:\/\/imperia.com\/it\/prodotto\/duplex-ipasta-capelli-dangelo-trenette-15-4-mm\/#breadcrumb\",\"itemListElement\":[{\"@type\":\"ListItem\",\"position\":1,\"name\":\"Home\",\"item\":\"https:\/\/imperia.com\/it\/\"},{\"@type\":\"ListItem\",\"position\":2,\"name\":\"Shop\",\"item\":\"https:\/\/imperia.com\/shop\/\"},{\"@type\":\"ListItem\",\"position\":3,\"name\":\"Duplex iPasta Capelli d&#8217;Angelo \/ Trenette 1,5\/4 mm\"}]},{\"@type\":\"WebSite\",\"@id\":\"https:\/\/imperia.com\/#website\",\"url\":\"https:\/\/imperia.com\/\",\"name\":\"Imperia Pasta Machines\",\"description\":\"Progressive Italian Pasta Machines since 1932\",\"publisher\":{\"@id\":\"https:\/\/imperia.com\/#organization\"},\"potentialAction\":[{\"@type\":\"SearchAction\",\"target\":{\"@type\":\"EntryPoint\",\"urlTemplate\":\"https:\/\/imperia.com\/?s={search_term_string}\"},\"query-input\":{\"@type\":\"PropertyValueSpecification\",\"valueRequired\":true,\"valueName\":\"search_term_string\"}}],\"inLanguage\":\"it-IT\"},{\"@type\":\"Organization\",\"@id\":\"https:\/\/imperia.com\/#organization\",\"name\":\"Imperia Pasta\",\"url\":\"https:\/\/imperia.com\/\",\"logo\":{\"@type\":\"ImageObject\",\"inLanguage\":\"it-IT\",\"@id\":\"https:\/\/imperia.com\/#\/schema\/logo\/image\/\",\"url\":\"https:\/\/imperia.com\/wp-content\/uploads\/2023\/07\/cropped-logo.png\",\"contentUrl\":\"https:\/\/imperia.com\/wp-content\/uploads\/2023\/07\/cropped-logo.png\",\"width\":512,\"height\":512,\"caption\":\"Imperia Pasta\"},\"image\":{\"@id\":\"https:\/\/imperia.com\/#\/schema\/logo\/image\/\"},\"sameAs\":[\"https:\/\/www.facebook.com\/imperiapasta\",\"https:\/\/www.instagram.com\/imperiapasta\/\"]}]}<\/script>\n<!-- \/ Yoast SEO plugin. -->","yoast_head_json":{"title":"Duplex iPasta Capelli d'Angelo \/ Trenette 1,5\/4 mm | Imperia Pasta","robots":{"index":"index","follow":"follow","max-snippet":"max-snippet:-1","max-image-preview":"max-image-preview:large","max-video-preview":"max-video-preview:-1"},"canonical":"https:\/\/imperia.com\/it\/prodotto\/duplex-ipasta-capelli-dangelo-trenette-15-4-mm\/","og_locale":"it_IT","og_type":"article","og_title":"Duplex iPasta Capelli d'Angelo \/ Trenette 1,5\/4 mm | Imperia Pasta","og_description":"L'accessorio Duplex per la macchina iPasta \u00e8 uno strumento versatile, specificamente progettato per creare due misure di pasta con un unico accessorio. Permette di realizzare Capelli d'Angelo delicati con larghezze di 1.5 mm e Trenette leggermente pi\u00f9 larghe di 4 mm. Questo accessorio, realizzato in acciaio inossidabile di alta qualit\u00e0, \u00e8 sia duraturo che facile da pulire, garantendo una lunga durata nella tua cucina.  Caratteristiche principali:  - Realizzato in Acciaio Inossidabile: Duraturo e facile da mantenere - Due Opzioni di Taglio: Capelli d'Angelo 1.5 mm e Trenette 4 mm - Compatibile con la macchina iPasta","og_url":"https:\/\/imperia.com\/it\/prodotto\/duplex-ipasta-capelli-dangelo-trenette-15-4-mm\/","og_site_name":"Imperia Pasta","article_publisher":"https:\/\/www.facebook.com\/imperiapasta","article_modified_time":"2025-12-15T10:24:59+00:00","og_image":[{"width":1080,"height":1080,"url":"https:\/\/imperia.com\/wp-content\/uploads\/2023\/12\/duplex-taglio-capelli-dangelo-trenette-1_5-4.jpg","type":"image\/jpeg"}],"twitter_card":"summary_large_image","schema":{"@context":"https:\/\/schema.org","@graph":[{"@type":"WebPage","@id":"https:\/\/imperia.com\/it\/prodotto\/duplex-ipasta-capelli-dangelo-trenette-15-4-mm\/","url":"https:\/\/imperia.com\/it\/prodotto\/duplex-ipasta-capelli-dangelo-trenette-15-4-mm\/","name":"Duplex iPasta Capelli d'Angelo \/ Trenette 1,5\/4 mm | Imperia Pasta","isPartOf":{"@id":"https:\/\/imperia.com\/#website"},"primaryImageOfPage":{"@id":"https:\/\/imperia.com\/it\/prodotto\/duplex-ipasta-capelli-dangelo-trenette-15-4-mm\/#primaryimage"},"image":{"@id":"https:\/\/imperia.com\/it\/prodotto\/duplex-ipasta-capelli-dangelo-trenette-15-4-mm\/#primaryimage"},"thumbnailUrl":"https:\/\/imperia.com\/wp-content\/uploads\/2023\/12\/duplex-taglio-capelli-dangelo-trenette-1_5-4.jpg","datePublished":"2023-12-14T07:29:50+00:00","dateModified":"2025-12-15T10:24:59+00:00","breadcrumb":{"@id":"https:\/\/imperia.com\/it\/prodotto\/duplex-ipasta-capelli-dangelo-trenette-15-4-mm\/#breadcrumb"},"inLanguage":"it-IT","potentialAction":[{"@type":"ReadAction","target":["https:\/\/imperia.com\/it\/prodotto\/duplex-ipasta-capelli-dangelo-trenette-15-4-mm\/"]}]},{"@type":"ImageObject","inLanguage":"it-IT","@id":"https:\/\/imperia.com\/it\/prodotto\/duplex-ipasta-capelli-dangelo-trenette-15-4-mm\/#primaryimage","url":"https:\/\/imperia.com\/wp-content\/uploads\/2023\/12\/duplex-taglio-capelli-dangelo-trenette-1_5-4.jpg","contentUrl":"https:\/\/imperia.com\/wp-content\/uploads\/2023\/12\/duplex-taglio-capelli-dangelo-trenette-1_5-4.jpg","width":1080,"height":1080},{"@type":"BreadcrumbList","@id":"https:\/\/imperia.com\/it\/prodotto\/duplex-ipasta-capelli-dangelo-trenette-15-4-mm\/#breadcrumb","itemListElement":[{"@type":"ListItem","position":1,"name":"Home","item":"https:\/\/imperia.com\/it\/"},{"@type":"ListItem","position":2,"name":"Shop","item":"https:\/\/imperia.com\/shop\/"},{"@type":"ListItem","position":3,"name":"Duplex iPasta Capelli d&#8217;Angelo \/ Trenette 1,5\/4 mm"}]},{"@type":"WebSite","@id":"https:\/\/imperia.com\/#website","url":"https:\/\/imperia.com\/","name":"Imperia Pasta Machines","description":"Progressive Italian Pasta Machines since 1932","publisher":{"@id":"https:\/\/imperia.com\/#organization"},"potentialAction":[{"@type":"SearchAction","target":{"@type":"EntryPoint","urlTemplate":"https:\/\/imperia.com\/?s={search_term_string}"},"query-input":{"@type":"PropertyValueSpecification","valueRequired":true,"valueName":"search_term_string"}}],"inLanguage":"it-IT"},{"@type":"Organization","@id":"https:\/\/imperia.com\/#organization","name":"Imperia Pasta","url":"https:\/\/imperia.com\/","logo":{"@type":"ImageObject","inLanguage":"it-IT","@id":"https:\/\/imperia.com\/#\/schema\/logo\/image\/","url":"https:\/\/imperia.com\/wp-content\/uploads\/2023\/07\/cropped-logo.png","contentUrl":"https:\/\/imperia.com\/wp-content\/uploads\/2023\/07\/cropped-logo.png","width":512,"height":512,"caption":"Imperia Pasta"},"image":{"@id":"https:\/\/imperia.com\/#\/schema\/logo\/image\/"},"sameAs":["https:\/\/www.facebook.com\/imperiapasta","https:\/\/www.instagram.com\/imperiapasta\/"]}]}},"_links":{"self":[{"href":"https:\/\/imperia.com\/it\/wp-json\/wp\/v2\/product\/1953","targetHints":{"allow":["GET"]}}],"collection":[{"href":"https:\/\/imperia.com\/it\/wp-json\/wp\/v2\/product"}],"about":[{"href":"https:\/\/imperia.com\/it\/wp-json\/wp\/v2\/types\/product"}],"wp:featuredmedia":[{"embeddable":true,"href":"https:\/\/imperia.com\/it\/wp-json\/wp\/v2\/media\/1799"}],"wp:attachment":[{"href":"https:\/\/imperia.com\/it\/wp-json\/wp\/v2\/media?parent=1953"}],"wp:term":[{"taxonomy":"product_brand","embeddable":true,"href":"https:\/\/imperia.com\/it\/wp-json\/wp\/v2\/product_brand?post=1953"},{"taxonomy":"product_cat","embeddable":true,"href":"https:\/\/imperia.com\/it\/wp-json\/wp\/v2\/product_cat?post=1953"},{"taxonomy":"product_tag","embeddable":true,"href":"https:\/\/imperia.com\/it\/wp-json\/wp\/v2\/product_tag?post=1953"}],"curies":[{"name":"wp","href":"https:\/\/api.w.org\/{rel}","templated":true}]}}