{"id":1954,"date":"2023-12-14T08:32:33","date_gmt":"2023-12-14T08:32:33","guid":{"rendered":"https:\/\/imperia.com\/product\/duplex-ipasta-tagliolini-fettuccine-2-65-mm\/"},"modified":"2026-04-14T18:18:28","modified_gmt":"2026-04-14T16:18:28","slug":"duplex-ipasta-tagliolini-fettuccine-2-65-mm","status":"publish","type":"product","link":"https:\/\/imperia.com\/it\/prodotto\/duplex-ipasta-tagliolini-fettuccine-2-65-mm\/","title":{"rendered":"Duplex iPasta Tagliolini \/ Fettuccine 2\/6,5 mm"},"content":{"rendered":"","protected":false},"excerpt":{"rendered":"<p>L&#8217;accessorio Duplex per la macchina iPasta \u00e8 uno strumento versatile, specificamente progettato per creare due misure di pasta con un unico accessorio. Permette di realizzare Tagliolini con larghezze di 2 mm, una pasta sottile e delicata perfetta per sughi leggeri, e Fettuccine di 6.5 mm, spaghetti pi\u00f9 larghi che si abbinano con sughi pi\u00f9 corposi. Questo accessorio, realizzato in acciaio inossidabile di alta qualit\u00e0, \u00e8 sia duraturo che facile da pulire, garantendo una lunga durata nella tua cucina.<\/p>\n<p>Caratteristiche principali:<\/p>\n<ul>\n<li>Realizzato in Acciaio Inossidabile: Duraturo e facile da mantenere<\/li>\n<li>Due Opzioni di Taglio: Tagliolini 2 mm e Fettuccine 6.5 mm<\/li>\n<li>Compatibile con la macchina iPasta<\/li>\n<\/ul>\n","protected":false},"featured_media":1800,"template":"","meta":[],"product_brand":[],"product_cat":[38,58,40],"product_tag":[],"class_list":{"0":"post-1954","1":"product","2":"type-product","3":"status-publish","4":"has-post-thumbnail","6":"product_cat-fettuccine-65-mm","7":"product_cat-linea-classica","8":"product_cat-tagliolini-2-mm","10":"first","11":"instock","12":"shipping-taxable","13":"purchasable","14":"product-type-simple"},"yoast_head":"<!-- This site is optimized with the Yoast SEO plugin v26.6 - https:\/\/yoast.com\/wordpress\/plugins\/seo\/ -->\n<title>Duplex iPasta Tagliolini \/ Fettuccine 2\/6,5 mm | Imperia Pasta<\/title>\n<meta name=\"robots\" content=\"index, follow, max-snippet:-1, max-image-preview:large, max-video-preview:-1\" \/>\n<link rel=\"canonical\" href=\"https:\/\/imperia.com\/it\/prodotto\/duplex-ipasta-tagliolini-fettuccine-2-65-mm\/\" \/>\n<meta property=\"og:locale\" content=\"it_IT\" \/>\n<meta property=\"og:type\" content=\"article\" \/>\n<meta property=\"og:title\" content=\"Duplex iPasta Tagliolini \/ Fettuccine 2\/6,5 mm | Imperia Pasta\" \/>\n<meta property=\"og:description\" content=\"L&#039;accessorio Duplex per la macchina iPasta \u00e8 uno strumento versatile, specificamente progettato per creare due misure di pasta con un unico accessorio. Permette di realizzare Tagliolini con larghezze di 2 mm, una pasta sottile e delicata perfetta per sughi leggeri, e Fettuccine di 6.5 mm, spaghetti pi\u00f9 larghi che si abbinano con sughi pi\u00f9 corposi. Questo accessorio, realizzato in acciaio inossidabile di alta qualit\u00e0, \u00e8 sia duraturo che facile da pulire, garantendo una lunga durata nella tua cucina.  Caratteristiche principali:   Realizzato in Acciaio Inossidabile: Duraturo e facile da mantenere  Due Opzioni di Taglio: Tagliolini 2 mm e Fettuccine 6.5 mm  Compatibile con la macchina iPasta\" \/>\n<meta property=\"og:url\" content=\"https:\/\/imperia.com\/it\/prodotto\/duplex-ipasta-tagliolini-fettuccine-2-65-mm\/\" \/>\n<meta property=\"og:site_name\" content=\"Imperia Pasta\" \/>\n<meta property=\"article:publisher\" content=\"https:\/\/www.facebook.com\/imperiapasta\" \/>\n<meta property=\"article:modified_time\" content=\"2026-04-14T16:18:28+00:00\" \/>\n<meta property=\"og:image\" content=\"https:\/\/imperia.com\/wp-content\/uploads\/2023\/12\/duplex-taglio-tagliolini-fettuccine-2-6_5.jpg\" \/>\n\t<meta property=\"og:image:width\" content=\"1080\" \/>\n\t<meta property=\"og:image:height\" content=\"1080\" \/>\n\t<meta property=\"og:image:type\" content=\"image\/jpeg\" \/>\n<meta name=\"twitter:card\" content=\"summary_large_image\" \/>\n<script type=\"application\/ld+json\" class=\"yoast-schema-graph\">{\"@context\":\"https:\/\/schema.org\",\"@graph\":[{\"@type\":\"WebPage\",\"@id\":\"https:\/\/imperia.com\/it\/prodotto\/duplex-ipasta-tagliolini-fettuccine-2-65-mm\/\",\"url\":\"https:\/\/imperia.com\/it\/prodotto\/duplex-ipasta-tagliolini-fettuccine-2-65-mm\/\",\"name\":\"Duplex iPasta Tagliolini \/ Fettuccine 2\/6,5 mm | Imperia Pasta\",\"isPartOf\":{\"@id\":\"https:\/\/imperia.com\/#website\"},\"primaryImageOfPage\":{\"@id\":\"https:\/\/imperia.com\/it\/prodotto\/duplex-ipasta-tagliolini-fettuccine-2-65-mm\/#primaryimage\"},\"image\":{\"@id\":\"https:\/\/imperia.com\/it\/prodotto\/duplex-ipasta-tagliolini-fettuccine-2-65-mm\/#primaryimage\"},\"thumbnailUrl\":\"https:\/\/imperia.com\/wp-content\/uploads\/2023\/12\/duplex-taglio-tagliolini-fettuccine-2-6_5.jpg\",\"datePublished\":\"2023-12-14T08:32:33+00:00\",\"dateModified\":\"2026-04-14T16:18:28+00:00\",\"breadcrumb\":{\"@id\":\"https:\/\/imperia.com\/it\/prodotto\/duplex-ipasta-tagliolini-fettuccine-2-65-mm\/#breadcrumb\"},\"inLanguage\":\"it-IT\",\"potentialAction\":[{\"@type\":\"ReadAction\",\"target\":[\"https:\/\/imperia.com\/it\/prodotto\/duplex-ipasta-tagliolini-fettuccine-2-65-mm\/\"]}]},{\"@type\":\"ImageObject\",\"inLanguage\":\"it-IT\",\"@id\":\"https:\/\/imperia.com\/it\/prodotto\/duplex-ipasta-tagliolini-fettuccine-2-65-mm\/#primaryimage\",\"url\":\"https:\/\/imperia.com\/wp-content\/uploads\/2023\/12\/duplex-taglio-tagliolini-fettuccine-2-6_5.jpg\",\"contentUrl\":\"https:\/\/imperia.com\/wp-content\/uploads\/2023\/12\/duplex-taglio-tagliolini-fettuccine-2-6_5.jpg\",\"width\":1080,\"height\":1080},{\"@type\":\"BreadcrumbList\",\"@id\":\"https:\/\/imperia.com\/it\/prodotto\/duplex-ipasta-tagliolini-fettuccine-2-65-mm\/#breadcrumb\",\"itemListElement\":[{\"@type\":\"ListItem\",\"position\":1,\"name\":\"Home\",\"item\":\"https:\/\/imperia.com\/it\/\"},{\"@type\":\"ListItem\",\"position\":2,\"name\":\"Shop\",\"item\":\"https:\/\/imperia.com\/shop\/\"},{\"@type\":\"ListItem\",\"position\":3,\"name\":\"Duplex iPasta Tagliolini \/ Fettuccine 2\/6,5 mm\"}]},{\"@type\":\"WebSite\",\"@id\":\"https:\/\/imperia.com\/#website\",\"url\":\"https:\/\/imperia.com\/\",\"name\":\"Imperia Pasta Machines\",\"description\":\"Progressive Italian Pasta Machines since 1932\",\"publisher\":{\"@id\":\"https:\/\/imperia.com\/#organization\"},\"potentialAction\":[{\"@type\":\"SearchAction\",\"target\":{\"@type\":\"EntryPoint\",\"urlTemplate\":\"https:\/\/imperia.com\/?s={search_term_string}\"},\"query-input\":{\"@type\":\"PropertyValueSpecification\",\"valueRequired\":true,\"valueName\":\"search_term_string\"}}],\"inLanguage\":\"it-IT\"},{\"@type\":\"Organization\",\"@id\":\"https:\/\/imperia.com\/#organization\",\"name\":\"Imperia Pasta\",\"url\":\"https:\/\/imperia.com\/\",\"logo\":{\"@type\":\"ImageObject\",\"inLanguage\":\"it-IT\",\"@id\":\"https:\/\/imperia.com\/#\/schema\/logo\/image\/\",\"url\":\"https:\/\/imperia.com\/wp-content\/uploads\/2023\/07\/cropped-logo.png\",\"contentUrl\":\"https:\/\/imperia.com\/wp-content\/uploads\/2023\/07\/cropped-logo.png\",\"width\":512,\"height\":512,\"caption\":\"Imperia Pasta\"},\"image\":{\"@id\":\"https:\/\/imperia.com\/#\/schema\/logo\/image\/\"},\"sameAs\":[\"https:\/\/www.facebook.com\/imperiapasta\",\"https:\/\/www.instagram.com\/imperiapasta\/\"]}]}<\/script>\n<!-- \/ Yoast SEO plugin. -->","yoast_head_json":{"title":"Duplex iPasta Tagliolini \/ Fettuccine 2\/6,5 mm | Imperia Pasta","robots":{"index":"index","follow":"follow","max-snippet":"max-snippet:-1","max-image-preview":"max-image-preview:large","max-video-preview":"max-video-preview:-1"},"canonical":"https:\/\/imperia.com\/it\/prodotto\/duplex-ipasta-tagliolini-fettuccine-2-65-mm\/","og_locale":"it_IT","og_type":"article","og_title":"Duplex iPasta Tagliolini \/ Fettuccine 2\/6,5 mm | Imperia Pasta","og_description":"L'accessorio Duplex per la macchina iPasta \u00e8 uno strumento versatile, specificamente progettato per creare due misure di pasta con un unico accessorio. Permette di realizzare Tagliolini con larghezze di 2 mm, una pasta sottile e delicata perfetta per sughi leggeri, e Fettuccine di 6.5 mm, spaghetti pi\u00f9 larghi che si abbinano con sughi pi\u00f9 corposi. Questo accessorio, realizzato in acciaio inossidabile di alta qualit\u00e0, \u00e8 sia duraturo che facile da pulire, garantendo una lunga durata nella tua cucina.  Caratteristiche principali:   Realizzato in Acciaio Inossidabile: Duraturo e facile da mantenere  Due Opzioni di Taglio: Tagliolini 2 mm e Fettuccine 6.5 mm  Compatibile con la macchina iPasta","og_url":"https:\/\/imperia.com\/it\/prodotto\/duplex-ipasta-tagliolini-fettuccine-2-65-mm\/","og_site_name":"Imperia Pasta","article_publisher":"https:\/\/www.facebook.com\/imperiapasta","article_modified_time":"2026-04-14T16:18:28+00:00","og_image":[{"width":1080,"height":1080,"url":"https:\/\/imperia.com\/wp-content\/uploads\/2023\/12\/duplex-taglio-tagliolini-fettuccine-2-6_5.jpg","type":"image\/jpeg"}],"twitter_card":"summary_large_image","schema":{"@context":"https:\/\/schema.org","@graph":[{"@type":"WebPage","@id":"https:\/\/imperia.com\/it\/prodotto\/duplex-ipasta-tagliolini-fettuccine-2-65-mm\/","url":"https:\/\/imperia.com\/it\/prodotto\/duplex-ipasta-tagliolini-fettuccine-2-65-mm\/","name":"Duplex iPasta Tagliolini \/ Fettuccine 2\/6,5 mm | Imperia Pasta","isPartOf":{"@id":"https:\/\/imperia.com\/#website"},"primaryImageOfPage":{"@id":"https:\/\/imperia.com\/it\/prodotto\/duplex-ipasta-tagliolini-fettuccine-2-65-mm\/#primaryimage"},"image":{"@id":"https:\/\/imperia.com\/it\/prodotto\/duplex-ipasta-tagliolini-fettuccine-2-65-mm\/#primaryimage"},"thumbnailUrl":"https:\/\/imperia.com\/wp-content\/uploads\/2023\/12\/duplex-taglio-tagliolini-fettuccine-2-6_5.jpg","datePublished":"2023-12-14T08:32:33+00:00","dateModified":"2026-04-14T16:18:28+00:00","breadcrumb":{"@id":"https:\/\/imperia.com\/it\/prodotto\/duplex-ipasta-tagliolini-fettuccine-2-65-mm\/#breadcrumb"},"inLanguage":"it-IT","potentialAction":[{"@type":"ReadAction","target":["https:\/\/imperia.com\/it\/prodotto\/duplex-ipasta-tagliolini-fettuccine-2-65-mm\/"]}]},{"@type":"ImageObject","inLanguage":"it-IT","@id":"https:\/\/imperia.com\/it\/prodotto\/duplex-ipasta-tagliolini-fettuccine-2-65-mm\/#primaryimage","url":"https:\/\/imperia.com\/wp-content\/uploads\/2023\/12\/duplex-taglio-tagliolini-fettuccine-2-6_5.jpg","contentUrl":"https:\/\/imperia.com\/wp-content\/uploads\/2023\/12\/duplex-taglio-tagliolini-fettuccine-2-6_5.jpg","width":1080,"height":1080},{"@type":"BreadcrumbList","@id":"https:\/\/imperia.com\/it\/prodotto\/duplex-ipasta-tagliolini-fettuccine-2-65-mm\/#breadcrumb","itemListElement":[{"@type":"ListItem","position":1,"name":"Home","item":"https:\/\/imperia.com\/it\/"},{"@type":"ListItem","position":2,"name":"Shop","item":"https:\/\/imperia.com\/shop\/"},{"@type":"ListItem","position":3,"name":"Duplex iPasta Tagliolini \/ Fettuccine 2\/6,5 mm"}]},{"@type":"WebSite","@id":"https:\/\/imperia.com\/#website","url":"https:\/\/imperia.com\/","name":"Imperia Pasta Machines","description":"Progressive Italian Pasta Machines since 1932","publisher":{"@id":"https:\/\/imperia.com\/#organization"},"potentialAction":[{"@type":"SearchAction","target":{"@type":"EntryPoint","urlTemplate":"https:\/\/imperia.com\/?s={search_term_string}"},"query-input":{"@type":"PropertyValueSpecification","valueRequired":true,"valueName":"search_term_string"}}],"inLanguage":"it-IT"},{"@type":"Organization","@id":"https:\/\/imperia.com\/#organization","name":"Imperia Pasta","url":"https:\/\/imperia.com\/","logo":{"@type":"ImageObject","inLanguage":"it-IT","@id":"https:\/\/imperia.com\/#\/schema\/logo\/image\/","url":"https:\/\/imperia.com\/wp-content\/uploads\/2023\/07\/cropped-logo.png","contentUrl":"https:\/\/imperia.com\/wp-content\/uploads\/2023\/07\/cropped-logo.png","width":512,"height":512,"caption":"Imperia Pasta"},"image":{"@id":"https:\/\/imperia.com\/#\/schema\/logo\/image\/"},"sameAs":["https:\/\/www.facebook.com\/imperiapasta","https:\/\/www.instagram.com\/imperiapasta\/"]}]}},"_links":{"self":[{"href":"https:\/\/imperia.com\/it\/wp-json\/wp\/v2\/product\/1954","targetHints":{"allow":["GET"]}}],"collection":[{"href":"https:\/\/imperia.com\/it\/wp-json\/wp\/v2\/product"}],"about":[{"href":"https:\/\/imperia.com\/it\/wp-json\/wp\/v2\/types\/product"}],"wp:featuredmedia":[{"embeddable":true,"href":"https:\/\/imperia.com\/it\/wp-json\/wp\/v2\/media\/1800"}],"wp:attachment":[{"href":"https:\/\/imperia.com\/it\/wp-json\/wp\/v2\/media?parent=1954"}],"wp:term":[{"taxonomy":"product_brand","embeddable":true,"href":"https:\/\/imperia.com\/it\/wp-json\/wp\/v2\/product_brand?post=1954"},{"taxonomy":"product_cat","embeddable":true,"href":"https:\/\/imperia.com\/it\/wp-json\/wp\/v2\/product_cat?post=1954"},{"taxonomy":"product_tag","embeddable":true,"href":"https:\/\/imperia.com\/it\/wp-json\/wp\/v2\/product_tag?post=1954"}],"curies":[{"name":"wp","href":"https:\/\/api.w.org\/{rel}","templated":true}]}}