{"id":1956,"date":"2023-12-14T09:10:28","date_gmt":"2023-12-14T09:10:28","guid":{"rendered":"https:\/\/imperia.com\/product\/pasta-facile-2\/"},"modified":"2026-03-04T14:31:25","modified_gmt":"2026-03-04T13:31:25","slug":"pasta-facile-2","status":"publish","type":"product","link":"https:\/\/imperia.com\/it\/prodotto\/pasta-facile-2\/","title":{"rendered":"Pasta Facile"},"content":{"rendered":"","protected":false},"excerpt":{"rendered":"<p>L&#8217;Imperia PastaFacile \u00e8 un accessorio pratico e innovativo che trasforma senza sforzo la tua macchina per la pasta manuale in una automatica ed elettrica. Progettato per essere attaccato senza problemi alla tua macchina, rende la preparazione della pasta pi\u00f9 veloce ed efficiente. Con PastaFacile, otterrai sfoglie di pasta uniformi grazie alla velocit\u00e0 costante dei rulli.<br \/>\n\u00c8 dotato di un pulsante a doppia velocit\u00e0: uno per stendere e tagliare la pasta e un&#8217;altra impostazione intermittente per fare i ravioli (quando utilizzato con l&#8217;accessorio Imperia RavioliMaker venduto separatamente). Compatibile con le macchine manuali Imperia iPasta e Imperia Titania, PastaFacile \u00e8 un miglioramento essenziale per chiunque cerchi di ottimizzare il proprio processo di preparazione della pasta senza sacrificare la qualit\u00e0.<\/p>\n<p>Caratteristiche Principali:<\/p>\n<ul>\n<li>Permette di lavorare con entrambe le mani, senza dover girare la manovella, aumentando l&#8217;efficienza<\/li>\n<li>Velocit\u00e0 dei Rulli Costante: Assicura sfoglie di pasta uniformi<\/li>\n<li>Funzionalit\u00e0 a Doppia Velocit\u00e0: Include impostazioni per sfoglie di pasta, taglio e produzione intermittente di ravioli<\/li>\n<li>230V<\/li>\n<\/ul>\n","protected":false},"featured_media":1810,"template":"","meta":[],"product_brand":[],"product_cat":[42,41,38,36,58,37,35,43,34,40,39],"product_tag":[],"class_list":{"0":"post-1956","1":"product","2":"type-product","3":"status-publish","4":"has-post-thumbnail","6":"product_cat-capelli-dangelo-08-mm","7":"product_cat-capelli-dangelo-15-mm","8":"product_cat-fettuccine-65-mm","9":"product_cat-lasagnette-12-mm","10":"product_cat-linea-classica","11":"product_cat-pappardelle-32-mm","12":"product_cat-reginette-12-mm","13":"product_cat-reginette-44-mm","14":"product_cat-spaghetti-2-mm","15":"product_cat-tagliolini-2-mm","16":"product_cat-trenette-4-mm","18":"first","19":"instock","20":"shipping-taxable","21":"purchasable","22":"product-type-simple"},"yoast_head":"<!-- This site is optimized with the Yoast SEO plugin v26.6 - https:\/\/yoast.com\/wordpress\/plugins\/seo\/ -->\n<title>Pasta Facile | Imperia Pasta<\/title>\n<meta name=\"robots\" content=\"index, follow, max-snippet:-1, max-image-preview:large, max-video-preview:-1\" \/>\n<link rel=\"canonical\" href=\"https:\/\/imperia.com\/it\/prodotto\/pasta-facile-2\/\" \/>\n<meta property=\"og:locale\" content=\"it_IT\" \/>\n<meta property=\"og:type\" content=\"article\" \/>\n<meta property=\"og:title\" content=\"Pasta Facile | Imperia Pasta\" \/>\n<meta property=\"og:description\" content=\"L&#039;Imperia PastaFacile \u00e8 un accessorio pratico e innovativo che trasforma senza sforzo la tua macchina per la pasta manuale in una automatica ed elettrica. Progettato per essere attaccato senza problemi alla tua macchina, rende la preparazione della pasta pi\u00f9 veloce ed efficiente. Con PastaFacile, otterrai sfoglie di pasta uniformi grazie alla velocit\u00e0 costante dei rulli. \u00c8 dotato di un pulsante a doppia velocit\u00e0: uno per stendere e tagliare la pasta e un&#039;altra impostazione intermittente per fare i ravioli (quando utilizzato con l&#039;accessorio Imperia RavioliMaker venduto separatamente). Compatibile con le macchine manuali Imperia iPasta e Imperia Titania, PastaFacile \u00e8 un miglioramento essenziale per chiunque cerchi di ottimizzare il proprio processo di preparazione della pasta senza sacrificare la qualit\u00e0.  Caratteristiche Principali:   Permette di lavorare con entrambe le mani, senza dover girare la manovella, aumentando l&#039;efficienza  Velocit\u00e0 dei Rulli Costante: Assicura sfoglie di pasta uniformi  Funzionalit\u00e0 a Doppia Velocit\u00e0: Include impostazioni per sfoglie di pasta, taglio e produzione intermittente di ravioli  230V\" \/>\n<meta property=\"og:url\" content=\"https:\/\/imperia.com\/it\/prodotto\/pasta-facile-2\/\" \/>\n<meta property=\"og:site_name\" content=\"Imperia Pasta\" \/>\n<meta property=\"article:publisher\" content=\"https:\/\/www.facebook.com\/imperiapasta\" \/>\n<meta property=\"article:modified_time\" content=\"2026-03-04T13:31:25+00:00\" \/>\n<meta property=\"og:image\" content=\"https:\/\/imperia.com\/wp-content\/uploads\/2023\/12\/pastafacile.jpg\" \/>\n\t<meta property=\"og:image:width\" content=\"1080\" \/>\n\t<meta property=\"og:image:height\" content=\"1080\" \/>\n\t<meta property=\"og:image:type\" content=\"image\/jpeg\" \/>\n<meta name=\"twitter:card\" content=\"summary_large_image\" \/>\n<script type=\"application\/ld+json\" class=\"yoast-schema-graph\">{\"@context\":\"https:\/\/schema.org\",\"@graph\":[{\"@type\":\"WebPage\",\"@id\":\"https:\/\/imperia.com\/it\/prodotto\/pasta-facile-2\/\",\"url\":\"https:\/\/imperia.com\/it\/prodotto\/pasta-facile-2\/\",\"name\":\"Pasta Facile | Imperia Pasta\",\"isPartOf\":{\"@id\":\"https:\/\/imperia.com\/#website\"},\"primaryImageOfPage\":{\"@id\":\"https:\/\/imperia.com\/it\/prodotto\/pasta-facile-2\/#primaryimage\"},\"image\":{\"@id\":\"https:\/\/imperia.com\/it\/prodotto\/pasta-facile-2\/#primaryimage\"},\"thumbnailUrl\":\"https:\/\/imperia.com\/wp-content\/uploads\/2023\/12\/pastafacile.jpg\",\"datePublished\":\"2023-12-14T09:10:28+00:00\",\"dateModified\":\"2026-03-04T13:31:25+00:00\",\"breadcrumb\":{\"@id\":\"https:\/\/imperia.com\/it\/prodotto\/pasta-facile-2\/#breadcrumb\"},\"inLanguage\":\"it-IT\",\"potentialAction\":[{\"@type\":\"ReadAction\",\"target\":[\"https:\/\/imperia.com\/it\/prodotto\/pasta-facile-2\/\"]}]},{\"@type\":\"ImageObject\",\"inLanguage\":\"it-IT\",\"@id\":\"https:\/\/imperia.com\/it\/prodotto\/pasta-facile-2\/#primaryimage\",\"url\":\"https:\/\/imperia.com\/wp-content\/uploads\/2023\/12\/pastafacile.jpg\",\"contentUrl\":\"https:\/\/imperia.com\/wp-content\/uploads\/2023\/12\/pastafacile.jpg\",\"width\":1080,\"height\":1080},{\"@type\":\"BreadcrumbList\",\"@id\":\"https:\/\/imperia.com\/it\/prodotto\/pasta-facile-2\/#breadcrumb\",\"itemListElement\":[{\"@type\":\"ListItem\",\"position\":1,\"name\":\"Home\",\"item\":\"https:\/\/imperia.com\/it\/\"},{\"@type\":\"ListItem\",\"position\":2,\"name\":\"Shop\",\"item\":\"https:\/\/imperia.com\/shop\/\"},{\"@type\":\"ListItem\",\"position\":3,\"name\":\"Pasta Facile\"}]},{\"@type\":\"WebSite\",\"@id\":\"https:\/\/imperia.com\/#website\",\"url\":\"https:\/\/imperia.com\/\",\"name\":\"Imperia Pasta Machines\",\"description\":\"Progressive Italian Pasta Machines since 1932\",\"publisher\":{\"@id\":\"https:\/\/imperia.com\/#organization\"},\"potentialAction\":[{\"@type\":\"SearchAction\",\"target\":{\"@type\":\"EntryPoint\",\"urlTemplate\":\"https:\/\/imperia.com\/?s={search_term_string}\"},\"query-input\":{\"@type\":\"PropertyValueSpecification\",\"valueRequired\":true,\"valueName\":\"search_term_string\"}}],\"inLanguage\":\"it-IT\"},{\"@type\":\"Organization\",\"@id\":\"https:\/\/imperia.com\/#organization\",\"name\":\"Imperia Pasta\",\"url\":\"https:\/\/imperia.com\/\",\"logo\":{\"@type\":\"ImageObject\",\"inLanguage\":\"it-IT\",\"@id\":\"https:\/\/imperia.com\/#\/schema\/logo\/image\/\",\"url\":\"https:\/\/imperia.com\/wp-content\/uploads\/2023\/07\/cropped-logo.png\",\"contentUrl\":\"https:\/\/imperia.com\/wp-content\/uploads\/2023\/07\/cropped-logo.png\",\"width\":512,\"height\":512,\"caption\":\"Imperia Pasta\"},\"image\":{\"@id\":\"https:\/\/imperia.com\/#\/schema\/logo\/image\/\"},\"sameAs\":[\"https:\/\/www.facebook.com\/imperiapasta\",\"https:\/\/www.instagram.com\/imperiapasta\/\"]}]}<\/script>\n<!-- \/ Yoast SEO plugin. -->","yoast_head_json":{"title":"Pasta Facile | Imperia Pasta","robots":{"index":"index","follow":"follow","max-snippet":"max-snippet:-1","max-image-preview":"max-image-preview:large","max-video-preview":"max-video-preview:-1"},"canonical":"https:\/\/imperia.com\/it\/prodotto\/pasta-facile-2\/","og_locale":"it_IT","og_type":"article","og_title":"Pasta Facile | Imperia Pasta","og_description":"L'Imperia PastaFacile \u00e8 un accessorio pratico e innovativo che trasforma senza sforzo la tua macchina per la pasta manuale in una automatica ed elettrica. Progettato per essere attaccato senza problemi alla tua macchina, rende la preparazione della pasta pi\u00f9 veloce ed efficiente. Con PastaFacile, otterrai sfoglie di pasta uniformi grazie alla velocit\u00e0 costante dei rulli. \u00c8 dotato di un pulsante a doppia velocit\u00e0: uno per stendere e tagliare la pasta e un'altra impostazione intermittente per fare i ravioli (quando utilizzato con l'accessorio Imperia RavioliMaker venduto separatamente). Compatibile con le macchine manuali Imperia iPasta e Imperia Titania, PastaFacile \u00e8 un miglioramento essenziale per chiunque cerchi di ottimizzare il proprio processo di preparazione della pasta senza sacrificare la qualit\u00e0.  Caratteristiche Principali:   Permette di lavorare con entrambe le mani, senza dover girare la manovella, aumentando l'efficienza  Velocit\u00e0 dei Rulli Costante: Assicura sfoglie di pasta uniformi  Funzionalit\u00e0 a Doppia Velocit\u00e0: Include impostazioni per sfoglie di pasta, taglio e produzione intermittente di ravioli  230V","og_url":"https:\/\/imperia.com\/it\/prodotto\/pasta-facile-2\/","og_site_name":"Imperia Pasta","article_publisher":"https:\/\/www.facebook.com\/imperiapasta","article_modified_time":"2026-03-04T13:31:25+00:00","og_image":[{"width":1080,"height":1080,"url":"https:\/\/imperia.com\/wp-content\/uploads\/2023\/12\/pastafacile.jpg","type":"image\/jpeg"}],"twitter_card":"summary_large_image","schema":{"@context":"https:\/\/schema.org","@graph":[{"@type":"WebPage","@id":"https:\/\/imperia.com\/it\/prodotto\/pasta-facile-2\/","url":"https:\/\/imperia.com\/it\/prodotto\/pasta-facile-2\/","name":"Pasta Facile | Imperia Pasta","isPartOf":{"@id":"https:\/\/imperia.com\/#website"},"primaryImageOfPage":{"@id":"https:\/\/imperia.com\/it\/prodotto\/pasta-facile-2\/#primaryimage"},"image":{"@id":"https:\/\/imperia.com\/it\/prodotto\/pasta-facile-2\/#primaryimage"},"thumbnailUrl":"https:\/\/imperia.com\/wp-content\/uploads\/2023\/12\/pastafacile.jpg","datePublished":"2023-12-14T09:10:28+00:00","dateModified":"2026-03-04T13:31:25+00:00","breadcrumb":{"@id":"https:\/\/imperia.com\/it\/prodotto\/pasta-facile-2\/#breadcrumb"},"inLanguage":"it-IT","potentialAction":[{"@type":"ReadAction","target":["https:\/\/imperia.com\/it\/prodotto\/pasta-facile-2\/"]}]},{"@type":"ImageObject","inLanguage":"it-IT","@id":"https:\/\/imperia.com\/it\/prodotto\/pasta-facile-2\/#primaryimage","url":"https:\/\/imperia.com\/wp-content\/uploads\/2023\/12\/pastafacile.jpg","contentUrl":"https:\/\/imperia.com\/wp-content\/uploads\/2023\/12\/pastafacile.jpg","width":1080,"height":1080},{"@type":"BreadcrumbList","@id":"https:\/\/imperia.com\/it\/prodotto\/pasta-facile-2\/#breadcrumb","itemListElement":[{"@type":"ListItem","position":1,"name":"Home","item":"https:\/\/imperia.com\/it\/"},{"@type":"ListItem","position":2,"name":"Shop","item":"https:\/\/imperia.com\/shop\/"},{"@type":"ListItem","position":3,"name":"Pasta Facile"}]},{"@type":"WebSite","@id":"https:\/\/imperia.com\/#website","url":"https:\/\/imperia.com\/","name":"Imperia Pasta Machines","description":"Progressive Italian Pasta Machines since 1932","publisher":{"@id":"https:\/\/imperia.com\/#organization"},"potentialAction":[{"@type":"SearchAction","target":{"@type":"EntryPoint","urlTemplate":"https:\/\/imperia.com\/?s={search_term_string}"},"query-input":{"@type":"PropertyValueSpecification","valueRequired":true,"valueName":"search_term_string"}}],"inLanguage":"it-IT"},{"@type":"Organization","@id":"https:\/\/imperia.com\/#organization","name":"Imperia Pasta","url":"https:\/\/imperia.com\/","logo":{"@type":"ImageObject","inLanguage":"it-IT","@id":"https:\/\/imperia.com\/#\/schema\/logo\/image\/","url":"https:\/\/imperia.com\/wp-content\/uploads\/2023\/07\/cropped-logo.png","contentUrl":"https:\/\/imperia.com\/wp-content\/uploads\/2023\/07\/cropped-logo.png","width":512,"height":512,"caption":"Imperia Pasta"},"image":{"@id":"https:\/\/imperia.com\/#\/schema\/logo\/image\/"},"sameAs":["https:\/\/www.facebook.com\/imperiapasta","https:\/\/www.instagram.com\/imperiapasta\/"]}]}},"_links":{"self":[{"href":"https:\/\/imperia.com\/it\/wp-json\/wp\/v2\/product\/1956","targetHints":{"allow":["GET"]}}],"collection":[{"href":"https:\/\/imperia.com\/it\/wp-json\/wp\/v2\/product"}],"about":[{"href":"https:\/\/imperia.com\/it\/wp-json\/wp\/v2\/types\/product"}],"wp:featuredmedia":[{"embeddable":true,"href":"https:\/\/imperia.com\/it\/wp-json\/wp\/v2\/media\/1810"}],"wp:attachment":[{"href":"https:\/\/imperia.com\/it\/wp-json\/wp\/v2\/media?parent=1956"}],"wp:term":[{"taxonomy":"product_brand","embeddable":true,"href":"https:\/\/imperia.com\/it\/wp-json\/wp\/v2\/product_brand?post=1956"},{"taxonomy":"product_cat","embeddable":true,"href":"https:\/\/imperia.com\/it\/wp-json\/wp\/v2\/product_cat?post=1956"},{"taxonomy":"product_tag","embeddable":true,"href":"https:\/\/imperia.com\/it\/wp-json\/wp\/v2\/product_tag?post=1956"}],"curies":[{"name":"wp","href":"https:\/\/api.w.org\/{rel}","templated":true}]}}