{"id":1973,"date":"2023-12-13T17:01:12","date_gmt":"2023-12-13T17:01:12","guid":{"rendered":"https:\/\/imperia.com\/product\/electric-imperia-ipasta-red-classic\/"},"modified":"2026-03-18T17:57:53","modified_gmt":"2026-03-18T16:57:53","slug":"electric-imperia-ipasta-red-classic","status":"publish","type":"product","link":"https:\/\/imperia.com\/it\/prodotto\/electric-imperia-ipasta-red-classic\/","title":{"rendered":"Electric Imperia iPasta Rosso Classic"},"content":{"rendered":"","protected":false},"excerpt":{"rendered":"<p>L&#8217;Imperia Electric Classica unisce l&#8217;artigianato tradizionale alla comodit\u00e0 moderna. Questa macchina, realizzata in acciaio cromato, esprime durabilit\u00e0 e longevit\u00e0. \u00c8 dotata del motore innovativo PastaFacile, che garantisce l&#8217;estensione uniforme e senza sforzo delle sfoglie di pasta. L&#8217;Electric Classica \u00e8 equipaggiata con rulli regolabili in sei spessori, permettendo un controllo preciso dello spessore. Inoltre, include l&#8217;accessorio Duplex, capace di creare due tipi di pasta popolari: tagliolini e fettuccine. Il motore PastaFacile non solo facilita il processo di preparazione della pasta ma assicura anche sfoglie costantemente lisce. Progettata con praticit\u00e0 in mente, include una morsa da tavolo per stabilit\u00e0 e una tramoggia per un&#8217;alimentazione facile.<\/p>\n<p><strong>Caratteristiche principali:<\/strong><\/p>\n<ul>\n<li>Colore: Rosso Classico Imperia<\/li>\n<li>Costruzione in Acciaio Cromato<\/li>\n<li>Accessorio Duplex: Consente la creazione sia di tagliatelle che di fettuccine<\/li>\n<li>Motore PastaFacile: Garantisce l&#8217;estensione uniforme e senza sforzo delle sfoglie di pasta<\/li>\n<li>230V<\/li>\n<\/ul>\n","protected":false},"featured_media":1847,"template":"","meta":[],"product_brand":[],"product_cat":[38,58,40],"product_tag":[],"class_list":{"0":"post-1973","1":"product","2":"type-product","3":"status-publish","4":"has-post-thumbnail","6":"product_cat-fettuccine-65-mm","7":"product_cat-linea-classica","8":"product_cat-tagliolini-2-mm","10":"first","11":"instock","12":"shipping-taxable","13":"purchasable","14":"product-type-simple"},"yoast_head":"<!-- This site is optimized with the Yoast SEO plugin v26.6 - https:\/\/yoast.com\/wordpress\/plugins\/seo\/ -->\n<title>Electric Imperia iPasta Rosso Classic | Imperia Pasta<\/title>\n<meta name=\"robots\" content=\"index, follow, max-snippet:-1, max-image-preview:large, max-video-preview:-1\" \/>\n<link rel=\"canonical\" href=\"https:\/\/imperia.com\/it\/prodotto\/electric-imperia-ipasta-red-classic\/\" \/>\n<meta property=\"og:locale\" content=\"it_IT\" \/>\n<meta property=\"og:type\" content=\"article\" \/>\n<meta property=\"og:title\" content=\"Electric Imperia iPasta Rosso Classic | Imperia Pasta\" \/>\n<meta property=\"og:description\" content=\"L&#039;Imperia Electric Classica unisce l&#039;artigianato tradizionale alla comodit\u00e0 moderna. Questa macchina, realizzata in acciaio cromato, esprime durabilit\u00e0 e longevit\u00e0. \u00c8 dotata del motore innovativo PastaFacile, che garantisce l&#039;estensione uniforme e senza sforzo delle sfoglie di pasta. L&#039;Electric Classica \u00e8 equipaggiata con rulli regolabili in sei spessori, permettendo un controllo preciso dello spessore. Inoltre, include l&#039;accessorio Duplex, capace di creare due tipi di pasta popolari: tagliolini e fettuccine. Il motore PastaFacile non solo facilita il processo di preparazione della pasta ma assicura anche sfoglie costantemente lisce. Progettata con praticit\u00e0 in mente, include una morsa da tavolo per stabilit\u00e0 e una tramoggia per un&#039;alimentazione facile.  Caratteristiche principali:   Colore: Rosso Classico Imperia  Costruzione in Acciaio Cromato  Accessorio Duplex: Consente la creazione sia di tagliatelle che di fettuccine  Motore PastaFacile: Garantisce l&#039;estensione uniforme e senza sforzo delle sfoglie di pasta  230V\" \/>\n<meta property=\"og:url\" content=\"https:\/\/imperia.com\/it\/prodotto\/electric-imperia-ipasta-red-classic\/\" \/>\n<meta property=\"og:site_name\" content=\"Imperia Pasta\" \/>\n<meta property=\"article:publisher\" content=\"https:\/\/www.facebook.com\/imperiapasta\" \/>\n<meta property=\"article:modified_time\" content=\"2026-03-18T16:57:53+00:00\" \/>\n<meta property=\"og:image\" content=\"https:\/\/imperia.com\/wp-content\/uploads\/2023\/12\/Electric-imperia-230v-iPasta-metal-classica-rossa.jpg\" \/>\n\t<meta property=\"og:image:width\" content=\"1080\" \/>\n\t<meta property=\"og:image:height\" content=\"1080\" \/>\n\t<meta property=\"og:image:type\" content=\"image\/jpeg\" \/>\n<meta name=\"twitter:card\" content=\"summary_large_image\" \/>\n<script type=\"application\/ld+json\" class=\"yoast-schema-graph\">{\"@context\":\"https:\/\/schema.org\",\"@graph\":[{\"@type\":\"WebPage\",\"@id\":\"https:\/\/imperia.com\/it\/prodotto\/electric-imperia-ipasta-red-classic\/\",\"url\":\"https:\/\/imperia.com\/it\/prodotto\/electric-imperia-ipasta-red-classic\/\",\"name\":\"Electric Imperia iPasta Rosso Classic | Imperia Pasta\",\"isPartOf\":{\"@id\":\"https:\/\/imperia.com\/#website\"},\"primaryImageOfPage\":{\"@id\":\"https:\/\/imperia.com\/it\/prodotto\/electric-imperia-ipasta-red-classic\/#primaryimage\"},\"image\":{\"@id\":\"https:\/\/imperia.com\/it\/prodotto\/electric-imperia-ipasta-red-classic\/#primaryimage\"},\"thumbnailUrl\":\"https:\/\/imperia.com\/wp-content\/uploads\/2023\/12\/Electric-imperia-230v-iPasta-metal-classica-rossa.jpg\",\"datePublished\":\"2023-12-13T17:01:12+00:00\",\"dateModified\":\"2026-03-18T16:57:53+00:00\",\"breadcrumb\":{\"@id\":\"https:\/\/imperia.com\/it\/prodotto\/electric-imperia-ipasta-red-classic\/#breadcrumb\"},\"inLanguage\":\"it-IT\",\"potentialAction\":[{\"@type\":\"ReadAction\",\"target\":[\"https:\/\/imperia.com\/it\/prodotto\/electric-imperia-ipasta-red-classic\/\"]}]},{\"@type\":\"ImageObject\",\"inLanguage\":\"it-IT\",\"@id\":\"https:\/\/imperia.com\/it\/prodotto\/electric-imperia-ipasta-red-classic\/#primaryimage\",\"url\":\"https:\/\/imperia.com\/wp-content\/uploads\/2023\/12\/Electric-imperia-230v-iPasta-metal-classica-rossa.jpg\",\"contentUrl\":\"https:\/\/imperia.com\/wp-content\/uploads\/2023\/12\/Electric-imperia-230v-iPasta-metal-classica-rossa.jpg\",\"width\":1080,\"height\":1080},{\"@type\":\"BreadcrumbList\",\"@id\":\"https:\/\/imperia.com\/it\/prodotto\/electric-imperia-ipasta-red-classic\/#breadcrumb\",\"itemListElement\":[{\"@type\":\"ListItem\",\"position\":1,\"name\":\"Home\",\"item\":\"https:\/\/imperia.com\/it\/\"},{\"@type\":\"ListItem\",\"position\":2,\"name\":\"Shop\",\"item\":\"https:\/\/imperia.com\/shop\/\"},{\"@type\":\"ListItem\",\"position\":3,\"name\":\"Electric Imperia iPasta Rosso Classic\"}]},{\"@type\":\"WebSite\",\"@id\":\"https:\/\/imperia.com\/#website\",\"url\":\"https:\/\/imperia.com\/\",\"name\":\"Imperia Pasta Machines\",\"description\":\"Progressive Italian Pasta Machines since 1932\",\"publisher\":{\"@id\":\"https:\/\/imperia.com\/#organization\"},\"potentialAction\":[{\"@type\":\"SearchAction\",\"target\":{\"@type\":\"EntryPoint\",\"urlTemplate\":\"https:\/\/imperia.com\/?s={search_term_string}\"},\"query-input\":{\"@type\":\"PropertyValueSpecification\",\"valueRequired\":true,\"valueName\":\"search_term_string\"}}],\"inLanguage\":\"it-IT\"},{\"@type\":\"Organization\",\"@id\":\"https:\/\/imperia.com\/#organization\",\"name\":\"Imperia Pasta\",\"url\":\"https:\/\/imperia.com\/\",\"logo\":{\"@type\":\"ImageObject\",\"inLanguage\":\"it-IT\",\"@id\":\"https:\/\/imperia.com\/#\/schema\/logo\/image\/\",\"url\":\"https:\/\/imperia.com\/wp-content\/uploads\/2023\/07\/cropped-logo.png\",\"contentUrl\":\"https:\/\/imperia.com\/wp-content\/uploads\/2023\/07\/cropped-logo.png\",\"width\":512,\"height\":512,\"caption\":\"Imperia Pasta\"},\"image\":{\"@id\":\"https:\/\/imperia.com\/#\/schema\/logo\/image\/\"},\"sameAs\":[\"https:\/\/www.facebook.com\/imperiapasta\",\"https:\/\/www.instagram.com\/imperiapasta\/\"]}]}<\/script>\n<!-- \/ Yoast SEO plugin. -->","yoast_head_json":{"title":"Electric Imperia iPasta Rosso Classic | Imperia Pasta","robots":{"index":"index","follow":"follow","max-snippet":"max-snippet:-1","max-image-preview":"max-image-preview:large","max-video-preview":"max-video-preview:-1"},"canonical":"https:\/\/imperia.com\/it\/prodotto\/electric-imperia-ipasta-red-classic\/","og_locale":"it_IT","og_type":"article","og_title":"Electric Imperia iPasta Rosso Classic | Imperia Pasta","og_description":"L'Imperia Electric Classica unisce l'artigianato tradizionale alla comodit\u00e0 moderna. Questa macchina, realizzata in acciaio cromato, esprime durabilit\u00e0 e longevit\u00e0. \u00c8 dotata del motore innovativo PastaFacile, che garantisce l'estensione uniforme e senza sforzo delle sfoglie di pasta. L'Electric Classica \u00e8 equipaggiata con rulli regolabili in sei spessori, permettendo un controllo preciso dello spessore. Inoltre, include l'accessorio Duplex, capace di creare due tipi di pasta popolari: tagliolini e fettuccine. Il motore PastaFacile non solo facilita il processo di preparazione della pasta ma assicura anche sfoglie costantemente lisce. Progettata con praticit\u00e0 in mente, include una morsa da tavolo per stabilit\u00e0 e una tramoggia per un'alimentazione facile.  Caratteristiche principali:   Colore: Rosso Classico Imperia  Costruzione in Acciaio Cromato  Accessorio Duplex: Consente la creazione sia di tagliatelle che di fettuccine  Motore PastaFacile: Garantisce l'estensione uniforme e senza sforzo delle sfoglie di pasta  230V","og_url":"https:\/\/imperia.com\/it\/prodotto\/electric-imperia-ipasta-red-classic\/","og_site_name":"Imperia Pasta","article_publisher":"https:\/\/www.facebook.com\/imperiapasta","article_modified_time":"2026-03-18T16:57:53+00:00","og_image":[{"width":1080,"height":1080,"url":"https:\/\/imperia.com\/wp-content\/uploads\/2023\/12\/Electric-imperia-230v-iPasta-metal-classica-rossa.jpg","type":"image\/jpeg"}],"twitter_card":"summary_large_image","schema":{"@context":"https:\/\/schema.org","@graph":[{"@type":"WebPage","@id":"https:\/\/imperia.com\/it\/prodotto\/electric-imperia-ipasta-red-classic\/","url":"https:\/\/imperia.com\/it\/prodotto\/electric-imperia-ipasta-red-classic\/","name":"Electric Imperia iPasta Rosso Classic | Imperia Pasta","isPartOf":{"@id":"https:\/\/imperia.com\/#website"},"primaryImageOfPage":{"@id":"https:\/\/imperia.com\/it\/prodotto\/electric-imperia-ipasta-red-classic\/#primaryimage"},"image":{"@id":"https:\/\/imperia.com\/it\/prodotto\/electric-imperia-ipasta-red-classic\/#primaryimage"},"thumbnailUrl":"https:\/\/imperia.com\/wp-content\/uploads\/2023\/12\/Electric-imperia-230v-iPasta-metal-classica-rossa.jpg","datePublished":"2023-12-13T17:01:12+00:00","dateModified":"2026-03-18T16:57:53+00:00","breadcrumb":{"@id":"https:\/\/imperia.com\/it\/prodotto\/electric-imperia-ipasta-red-classic\/#breadcrumb"},"inLanguage":"it-IT","potentialAction":[{"@type":"ReadAction","target":["https:\/\/imperia.com\/it\/prodotto\/electric-imperia-ipasta-red-classic\/"]}]},{"@type":"ImageObject","inLanguage":"it-IT","@id":"https:\/\/imperia.com\/it\/prodotto\/electric-imperia-ipasta-red-classic\/#primaryimage","url":"https:\/\/imperia.com\/wp-content\/uploads\/2023\/12\/Electric-imperia-230v-iPasta-metal-classica-rossa.jpg","contentUrl":"https:\/\/imperia.com\/wp-content\/uploads\/2023\/12\/Electric-imperia-230v-iPasta-metal-classica-rossa.jpg","width":1080,"height":1080},{"@type":"BreadcrumbList","@id":"https:\/\/imperia.com\/it\/prodotto\/electric-imperia-ipasta-red-classic\/#breadcrumb","itemListElement":[{"@type":"ListItem","position":1,"name":"Home","item":"https:\/\/imperia.com\/it\/"},{"@type":"ListItem","position":2,"name":"Shop","item":"https:\/\/imperia.com\/shop\/"},{"@type":"ListItem","position":3,"name":"Electric Imperia iPasta Rosso Classic"}]},{"@type":"WebSite","@id":"https:\/\/imperia.com\/#website","url":"https:\/\/imperia.com\/","name":"Imperia Pasta Machines","description":"Progressive Italian Pasta Machines since 1932","publisher":{"@id":"https:\/\/imperia.com\/#organization"},"potentialAction":[{"@type":"SearchAction","target":{"@type":"EntryPoint","urlTemplate":"https:\/\/imperia.com\/?s={search_term_string}"},"query-input":{"@type":"PropertyValueSpecification","valueRequired":true,"valueName":"search_term_string"}}],"inLanguage":"it-IT"},{"@type":"Organization","@id":"https:\/\/imperia.com\/#organization","name":"Imperia Pasta","url":"https:\/\/imperia.com\/","logo":{"@type":"ImageObject","inLanguage":"it-IT","@id":"https:\/\/imperia.com\/#\/schema\/logo\/image\/","url":"https:\/\/imperia.com\/wp-content\/uploads\/2023\/07\/cropped-logo.png","contentUrl":"https:\/\/imperia.com\/wp-content\/uploads\/2023\/07\/cropped-logo.png","width":512,"height":512,"caption":"Imperia Pasta"},"image":{"@id":"https:\/\/imperia.com\/#\/schema\/logo\/image\/"},"sameAs":["https:\/\/www.facebook.com\/imperiapasta","https:\/\/www.instagram.com\/imperiapasta\/"]}]}},"_links":{"self":[{"href":"https:\/\/imperia.com\/it\/wp-json\/wp\/v2\/product\/1973","targetHints":{"allow":["GET"]}}],"collection":[{"href":"https:\/\/imperia.com\/it\/wp-json\/wp\/v2\/product"}],"about":[{"href":"https:\/\/imperia.com\/it\/wp-json\/wp\/v2\/types\/product"}],"wp:featuredmedia":[{"embeddable":true,"href":"https:\/\/imperia.com\/it\/wp-json\/wp\/v2\/media\/1847"}],"wp:attachment":[{"href":"https:\/\/imperia.com\/it\/wp-json\/wp\/v2\/media?parent=1973"}],"wp:term":[{"taxonomy":"product_brand","embeddable":true,"href":"https:\/\/imperia.com\/it\/wp-json\/wp\/v2\/product_brand?post=1973"},{"taxonomy":"product_cat","embeddable":true,"href":"https:\/\/imperia.com\/it\/wp-json\/wp\/v2\/product_cat?post=1973"},{"taxonomy":"product_tag","embeddable":true,"href":"https:\/\/imperia.com\/it\/wp-json\/wp\/v2\/product_tag?post=1973"}],"curies":[{"name":"wp","href":"https:\/\/api.w.org\/{rel}","templated":true}]}}