{"id":1977,"date":"2023-12-13T16:47:19","date_gmt":"2023-12-13T16:47:19","guid":{"rendered":"https:\/\/imperia.com\/product\/taglia-sfoglia-t-5\/"},"modified":"2025-01-14T10:49:06","modified_gmt":"2025-01-14T09:49:06","slug":"taglia-sfoglia-t-5","status":"publish","type":"product","link":"https:\/\/imperia.com\/it\/prodotto\/taglia-sfoglia-t-5\/","title":{"rendered":"Taglia sfoglia T.5 Lasagnette 12 mm"},"content":{"rendered":"","protected":false},"excerpt":{"rendered":"<p>Migliora la tua preparazione della pasta con l&#8217;accessorio Simplex Lasagnette per la macchina Imperia Pasta Restaurant. Realizzato in acciaio inossidabile di alta qualit\u00e0, questo accessorio \u00e8 robusto e facile da pulire, rendendolo un&#8217;aggiunta duratura al tuo arsenale da cucina. Progettato per tagliare la pasta in strisce larghe 12 mm, \u00e8 perfetto per creare Lasagnette. Questa forma di pasta unica \u00e8 ottima con sughi corposi. La compatibilit\u00e0 dell&#8217;accessorio con la macchina Imperia garantisce un processo di preparazione della pasta fluido ed efficiente, aggiungendo versatilit\u00e0 alle tue creazioni culinarie.<\/p>\n<p><strong>Caratteristiche principali:<\/strong><\/p>\n<ul>\n<li>Acciaio Inossidabile di Alta Qualit\u00e0: Garantisce durata e manutenzione senza problemi<\/li>\n<li>Ideale per Lasagnette: Taglia la pasta in strisce di 12 mm, perfette per piatti di pasta unici<\/li>\n<li>Compatibilit\u00e0 Senza Sforzo: Si adatta perfettamente alla macchina Imperia Pasta Restaurant<\/li>\n<\/ul>\n","protected":false},"featured_media":1780,"template":"","meta":[],"product_brand":[],"product_cat":[61],"product_tag":[],"class_list":{"0":"post-1977","1":"product","2":"type-product","3":"status-publish","4":"has-post-thumbnail","6":"product_cat-linea-restaurant","8":"first","9":"instock","10":"shipping-taxable","11":"purchasable","12":"product-type-simple"},"yoast_head":"<!-- This site is optimized with the Yoast SEO plugin v26.6 - https:\/\/yoast.com\/wordpress\/plugins\/seo\/ -->\n<title>Taglia sfoglia T.5 Lasagnette 12 mm | Imperia Pasta<\/title>\n<meta name=\"robots\" content=\"index, follow, max-snippet:-1, max-image-preview:large, max-video-preview:-1\" \/>\n<link rel=\"canonical\" href=\"https:\/\/imperia.com\/prodotto\/taglia-sfoglia-t-5\/\" \/>\n<meta property=\"og:locale\" content=\"it_IT\" \/>\n<meta property=\"og:type\" content=\"article\" \/>\n<meta property=\"og:title\" content=\"Taglia sfoglia T.5 Lasagnette 12 mm | Imperia Pasta\" \/>\n<meta property=\"og:description\" content=\"Migliora la tua preparazione della pasta con l&#039;accessorio Simplex Lasagnette per la macchina Imperia Pasta Restaurant. Realizzato in acciaio inossidabile di alta qualit\u00e0, questo accessorio \u00e8 robusto e facile da pulire, rendendolo un&#039;aggiunta duratura al tuo arsenale da cucina. Progettato per tagliare la pasta in strisce larghe 12 mm, \u00e8 perfetto per creare Lasagnette. Questa forma di pasta unica \u00e8 ottima con sughi corposi. La compatibilit\u00e0 dell&#039;accessorio con la macchina Imperia garantisce un processo di preparazione della pasta fluido ed efficiente, aggiungendo versatilit\u00e0 alle tue creazioni culinarie.  Caratteristiche principali:   Acciaio Inossidabile di Alta Qualit\u00e0: Garantisce durata e manutenzione senza problemi  Ideale per Lasagnette: Taglia la pasta in strisce di 12 mm, perfette per piatti di pasta unici  Compatibilit\u00e0 Senza Sforzo: Si adatta perfettamente alla macchina Imperia Pasta Restaurant\" \/>\n<meta property=\"og:url\" content=\"https:\/\/imperia.com\/prodotto\/taglia-sfoglia-t-5\/\" \/>\n<meta property=\"og:site_name\" content=\"Imperia Pasta\" \/>\n<meta property=\"article:publisher\" content=\"https:\/\/www.facebook.com\/imperiapasta\" \/>\n<meta property=\"article:modified_time\" content=\"2025-01-14T09:49:06+00:00\" \/>\n<meta property=\"og:image\" content=\"https:\/\/imperia.com\/wp-content\/uploads\/2023\/12\/Rest-T5-lasagnette.jpg\" \/>\n\t<meta property=\"og:image:width\" content=\"1080\" \/>\n\t<meta property=\"og:image:height\" content=\"1080\" \/>\n\t<meta property=\"og:image:type\" content=\"image\/jpeg\" \/>\n<meta name=\"twitter:card\" content=\"summary_large_image\" \/>\n<meta name=\"twitter:label1\" content=\"Tempo di lettura stimato\" \/>\n\t<meta name=\"twitter:data1\" content=\"1 minuto\" \/>\n<script type=\"application\/ld+json\" class=\"yoast-schema-graph\">{\"@context\":\"https:\/\/schema.org\",\"@graph\":[{\"@type\":\"WebPage\",\"@id\":\"https:\/\/imperia.com\/prodotto\/taglia-sfoglia-t-5\/\",\"url\":\"https:\/\/imperia.com\/prodotto\/taglia-sfoglia-t-5\/\",\"name\":\"Taglia sfoglia T.5 Lasagnette 12 mm | Imperia Pasta\",\"isPartOf\":{\"@id\":\"https:\/\/imperia.com\/#website\"},\"primaryImageOfPage\":{\"@id\":\"https:\/\/imperia.com\/prodotto\/taglia-sfoglia-t-5\/#primaryimage\"},\"image\":{\"@id\":\"https:\/\/imperia.com\/prodotto\/taglia-sfoglia-t-5\/#primaryimage\"},\"thumbnailUrl\":\"https:\/\/imperia.com\/wp-content\/uploads\/2023\/12\/Rest-T5-lasagnette.jpg\",\"datePublished\":\"2023-12-13T16:47:19+00:00\",\"dateModified\":\"2025-01-14T09:49:06+00:00\",\"breadcrumb\":{\"@id\":\"https:\/\/imperia.com\/prodotto\/taglia-sfoglia-t-5\/#breadcrumb\"},\"inLanguage\":\"it-IT\",\"potentialAction\":[{\"@type\":\"ReadAction\",\"target\":[\"https:\/\/imperia.com\/prodotto\/taglia-sfoglia-t-5\/\"]}]},{\"@type\":\"ImageObject\",\"inLanguage\":\"it-IT\",\"@id\":\"https:\/\/imperia.com\/prodotto\/taglia-sfoglia-t-5\/#primaryimage\",\"url\":\"https:\/\/imperia.com\/wp-content\/uploads\/2023\/12\/Rest-T5-lasagnette.jpg\",\"contentUrl\":\"https:\/\/imperia.com\/wp-content\/uploads\/2023\/12\/Rest-T5-lasagnette.jpg\",\"width\":1080,\"height\":1080},{\"@type\":\"BreadcrumbList\",\"@id\":\"https:\/\/imperia.com\/prodotto\/taglia-sfoglia-t-5\/#breadcrumb\",\"itemListElement\":[{\"@type\":\"ListItem\",\"position\":1,\"name\":\"Home\",\"item\":\"https:\/\/imperia.com\/it\/\"},{\"@type\":\"ListItem\",\"position\":2,\"name\":\"Shop\",\"item\":\"https:\/\/imperia.com\/shop\/\"},{\"@type\":\"ListItem\",\"position\":3,\"name\":\"Taglia sfoglia T.5 Lasagnette 12 mm\"}]},{\"@type\":\"WebSite\",\"@id\":\"https:\/\/imperia.com\/#website\",\"url\":\"https:\/\/imperia.com\/\",\"name\":\"Imperia Pasta Machines\",\"description\":\"Progressive Italian Pasta Machines since 1932\",\"publisher\":{\"@id\":\"https:\/\/imperia.com\/#organization\"},\"potentialAction\":[{\"@type\":\"SearchAction\",\"target\":{\"@type\":\"EntryPoint\",\"urlTemplate\":\"https:\/\/imperia.com\/?s={search_term_string}\"},\"query-input\":{\"@type\":\"PropertyValueSpecification\",\"valueRequired\":true,\"valueName\":\"search_term_string\"}}],\"inLanguage\":\"it-IT\"},{\"@type\":\"Organization\",\"@id\":\"https:\/\/imperia.com\/#organization\",\"name\":\"Imperia Pasta\",\"url\":\"https:\/\/imperia.com\/\",\"logo\":{\"@type\":\"ImageObject\",\"inLanguage\":\"it-IT\",\"@id\":\"https:\/\/imperia.com\/#\/schema\/logo\/image\/\",\"url\":\"https:\/\/imperia.com\/wp-content\/uploads\/2023\/07\/cropped-logo.png\",\"contentUrl\":\"https:\/\/imperia.com\/wp-content\/uploads\/2023\/07\/cropped-logo.png\",\"width\":512,\"height\":512,\"caption\":\"Imperia Pasta\"},\"image\":{\"@id\":\"https:\/\/imperia.com\/#\/schema\/logo\/image\/\"},\"sameAs\":[\"https:\/\/www.facebook.com\/imperiapasta\",\"https:\/\/www.instagram.com\/imperiapasta\/\"]}]}<\/script>\n<!-- \/ Yoast SEO plugin. -->","yoast_head_json":{"title":"Taglia sfoglia T.5 Lasagnette 12 mm | Imperia Pasta","robots":{"index":"index","follow":"follow","max-snippet":"max-snippet:-1","max-image-preview":"max-image-preview:large","max-video-preview":"max-video-preview:-1"},"canonical":"https:\/\/imperia.com\/prodotto\/taglia-sfoglia-t-5\/","og_locale":"it_IT","og_type":"article","og_title":"Taglia sfoglia T.5 Lasagnette 12 mm | Imperia Pasta","og_description":"Migliora la tua preparazione della pasta con l'accessorio Simplex Lasagnette per la macchina Imperia Pasta Restaurant. Realizzato in acciaio inossidabile di alta qualit\u00e0, questo accessorio \u00e8 robusto e facile da pulire, rendendolo un'aggiunta duratura al tuo arsenale da cucina. Progettato per tagliare la pasta in strisce larghe 12 mm, \u00e8 perfetto per creare Lasagnette. Questa forma di pasta unica \u00e8 ottima con sughi corposi. La compatibilit\u00e0 dell'accessorio con la macchina Imperia garantisce un processo di preparazione della pasta fluido ed efficiente, aggiungendo versatilit\u00e0 alle tue creazioni culinarie.  Caratteristiche principali:   Acciaio Inossidabile di Alta Qualit\u00e0: Garantisce durata e manutenzione senza problemi  Ideale per Lasagnette: Taglia la pasta in strisce di 12 mm, perfette per piatti di pasta unici  Compatibilit\u00e0 Senza Sforzo: Si adatta perfettamente alla macchina Imperia Pasta Restaurant","og_url":"https:\/\/imperia.com\/prodotto\/taglia-sfoglia-t-5\/","og_site_name":"Imperia Pasta","article_publisher":"https:\/\/www.facebook.com\/imperiapasta","article_modified_time":"2025-01-14T09:49:06+00:00","og_image":[{"width":1080,"height":1080,"url":"https:\/\/imperia.com\/wp-content\/uploads\/2023\/12\/Rest-T5-lasagnette.jpg","type":"image\/jpeg"}],"twitter_card":"summary_large_image","twitter_misc":{"Tempo di lettura stimato":"1 minuto"},"schema":{"@context":"https:\/\/schema.org","@graph":[{"@type":"WebPage","@id":"https:\/\/imperia.com\/prodotto\/taglia-sfoglia-t-5\/","url":"https:\/\/imperia.com\/prodotto\/taglia-sfoglia-t-5\/","name":"Taglia sfoglia T.5 Lasagnette 12 mm | Imperia Pasta","isPartOf":{"@id":"https:\/\/imperia.com\/#website"},"primaryImageOfPage":{"@id":"https:\/\/imperia.com\/prodotto\/taglia-sfoglia-t-5\/#primaryimage"},"image":{"@id":"https:\/\/imperia.com\/prodotto\/taglia-sfoglia-t-5\/#primaryimage"},"thumbnailUrl":"https:\/\/imperia.com\/wp-content\/uploads\/2023\/12\/Rest-T5-lasagnette.jpg","datePublished":"2023-12-13T16:47:19+00:00","dateModified":"2025-01-14T09:49:06+00:00","breadcrumb":{"@id":"https:\/\/imperia.com\/prodotto\/taglia-sfoglia-t-5\/#breadcrumb"},"inLanguage":"it-IT","potentialAction":[{"@type":"ReadAction","target":["https:\/\/imperia.com\/prodotto\/taglia-sfoglia-t-5\/"]}]},{"@type":"ImageObject","inLanguage":"it-IT","@id":"https:\/\/imperia.com\/prodotto\/taglia-sfoglia-t-5\/#primaryimage","url":"https:\/\/imperia.com\/wp-content\/uploads\/2023\/12\/Rest-T5-lasagnette.jpg","contentUrl":"https:\/\/imperia.com\/wp-content\/uploads\/2023\/12\/Rest-T5-lasagnette.jpg","width":1080,"height":1080},{"@type":"BreadcrumbList","@id":"https:\/\/imperia.com\/prodotto\/taglia-sfoglia-t-5\/#breadcrumb","itemListElement":[{"@type":"ListItem","position":1,"name":"Home","item":"https:\/\/imperia.com\/it\/"},{"@type":"ListItem","position":2,"name":"Shop","item":"https:\/\/imperia.com\/shop\/"},{"@type":"ListItem","position":3,"name":"Taglia sfoglia T.5 Lasagnette 12 mm"}]},{"@type":"WebSite","@id":"https:\/\/imperia.com\/#website","url":"https:\/\/imperia.com\/","name":"Imperia Pasta Machines","description":"Progressive Italian Pasta Machines since 1932","publisher":{"@id":"https:\/\/imperia.com\/#organization"},"potentialAction":[{"@type":"SearchAction","target":{"@type":"EntryPoint","urlTemplate":"https:\/\/imperia.com\/?s={search_term_string}"},"query-input":{"@type":"PropertyValueSpecification","valueRequired":true,"valueName":"search_term_string"}}],"inLanguage":"it-IT"},{"@type":"Organization","@id":"https:\/\/imperia.com\/#organization","name":"Imperia Pasta","url":"https:\/\/imperia.com\/","logo":{"@type":"ImageObject","inLanguage":"it-IT","@id":"https:\/\/imperia.com\/#\/schema\/logo\/image\/","url":"https:\/\/imperia.com\/wp-content\/uploads\/2023\/07\/cropped-logo.png","contentUrl":"https:\/\/imperia.com\/wp-content\/uploads\/2023\/07\/cropped-logo.png","width":512,"height":512,"caption":"Imperia Pasta"},"image":{"@id":"https:\/\/imperia.com\/#\/schema\/logo\/image\/"},"sameAs":["https:\/\/www.facebook.com\/imperiapasta","https:\/\/www.instagram.com\/imperiapasta\/"]}]}},"_links":{"self":[{"href":"https:\/\/imperia.com\/it\/wp-json\/wp\/v2\/product\/1977","targetHints":{"allow":["GET"]}}],"collection":[{"href":"https:\/\/imperia.com\/it\/wp-json\/wp\/v2\/product"}],"about":[{"href":"https:\/\/imperia.com\/it\/wp-json\/wp\/v2\/types\/product"}],"wp:featuredmedia":[{"embeddable":true,"href":"https:\/\/imperia.com\/it\/wp-json\/wp\/v2\/media\/1780"}],"wp:attachment":[{"href":"https:\/\/imperia.com\/it\/wp-json\/wp\/v2\/media?parent=1977"}],"wp:term":[{"taxonomy":"product_brand","embeddable":true,"href":"https:\/\/imperia.com\/it\/wp-json\/wp\/v2\/product_brand?post=1977"},{"taxonomy":"product_cat","embeddable":true,"href":"https:\/\/imperia.com\/it\/wp-json\/wp\/v2\/product_cat?post=1977"},{"taxonomy":"product_tag","embeddable":true,"href":"https:\/\/imperia.com\/it\/wp-json\/wp\/v2\/product_tag?post=1977"}],"curies":[{"name":"wp","href":"https:\/\/api.w.org\/{rel}","templated":true}]}}