{"id":1978,"date":"2023-12-13T16:44:50","date_gmt":"2023-12-13T16:44:50","guid":{"rendered":"https:\/\/imperia.com\/product\/taglia-sfoglia-t-4\/"},"modified":"2026-03-01T16:12:33","modified_gmt":"2026-03-01T15:12:33","slug":"taglia-sfoglia-t-4","status":"publish","type":"product","link":"https:\/\/imperia.com\/it\/prodotto\/taglia-sfoglia-t-4\/","title":{"rendered":"Taglia sfoglia T.4 Fettuccine 6,5 mm"},"content":{"rendered":"","protected":false},"excerpt":{"rendered":"<p>Presentiamo l&#8217;accessorio Simplex della Imperia Pasta Restaurant, sapientemente progettato per la produzione di Fettuccine. Questo accessorio, costruito in acciaio inossidabile di alta qualit\u00e0, unisce durabilit\u00e0 e manutenzione semplice. \u00c8 ideale per produrre Fettuccine, un amato tipo di pasta noto per la sua forma pi\u00f9 larga e piatta che si abbina perfettamente con sughi pi\u00f9 densi. La precisione di questo accessorio garantisce una pasta tagliata uniformemente, migliorando la qualit\u00e0 dei tuoi piatti. La sua compatibilit\u00e0 con la macchina Imperia lo rende uno strumento prezioso per chiunque sia appassionato di creare autentica cucina italiana.<\/p>\n<p><strong>Caratteristiche principali:<\/strong><\/p>\n<ul>\n<li>Struttura in Acciaio Inossidabile: Offre longevit\u00e0 e facilit\u00e0 di pulizia<\/li>\n<li>Perfetto per Fettuccine: Crea la larghezza ideale per le Fettuccine tradizionali<\/li>\n<li>Design Compatibile: Si integra perfettamente con la macchina Imperia Pasta Restaurant<\/li>\n<\/ul>\n","protected":false},"featured_media":1779,"template":"","meta":[],"product_brand":[],"product_cat":[74],"product_tag":[],"class_list":{"0":"post-1978","1":"product","2":"type-product","3":"status-publish","4":"has-post-thumbnail","6":"product_cat-linea-restaurant-it","8":"first","9":"instock","10":"shipping-taxable","11":"purchasable","12":"product-type-simple"},"yoast_head":"<!-- This site is optimized with the Yoast SEO plugin v26.6 - https:\/\/yoast.com\/wordpress\/plugins\/seo\/ -->\n<title>Taglia sfoglia T.4 Fettuccine 6,5 mm | Imperia Pasta<\/title>\n<meta name=\"robots\" content=\"index, follow, max-snippet:-1, max-image-preview:large, max-video-preview:-1\" \/>\n<link rel=\"canonical\" href=\"https:\/\/imperia.com\/it\/prodotto\/taglia-sfoglia-t-4\/\" \/>\n<meta property=\"og:locale\" content=\"it_IT\" \/>\n<meta property=\"og:type\" content=\"article\" \/>\n<meta property=\"og:title\" content=\"Taglia sfoglia T.4 Fettuccine 6,5 mm | Imperia Pasta\" \/>\n<meta property=\"og:description\" content=\"Presentiamo l&#039;accessorio Simplex della Imperia Pasta Restaurant, sapientemente progettato per la produzione di Fettuccine. Questo accessorio, costruito in acciaio inossidabile di alta qualit\u00e0, unisce durabilit\u00e0 e manutenzione semplice. \u00c8 ideale per produrre Fettuccine, un amato tipo di pasta noto per la sua forma pi\u00f9 larga e piatta che si abbina perfettamente con sughi pi\u00f9 densi. La precisione di questo accessorio garantisce una pasta tagliata uniformemente, migliorando la qualit\u00e0 dei tuoi piatti. La sua compatibilit\u00e0 con la macchina Imperia lo rende uno strumento prezioso per chiunque sia appassionato di creare autentica cucina italiana.  Caratteristiche principali:   Struttura in Acciaio Inossidabile: Offre longevit\u00e0 e facilit\u00e0 di pulizia  Perfetto per Fettuccine: Crea la larghezza ideale per le Fettuccine tradizionali  Design Compatibile: Si integra perfettamente con la macchina Imperia Pasta Restaurant\" \/>\n<meta property=\"og:url\" content=\"https:\/\/imperia.com\/it\/prodotto\/taglia-sfoglia-t-4\/\" \/>\n<meta property=\"og:site_name\" content=\"Imperia Pasta\" \/>\n<meta property=\"article:publisher\" content=\"https:\/\/www.facebook.com\/imperiapasta\" \/>\n<meta property=\"article:modified_time\" content=\"2026-03-01T15:12:33+00:00\" \/>\n<meta property=\"og:image\" content=\"https:\/\/imperia.com\/wp-content\/uploads\/2023\/12\/Rest-T4-fettuccine.jpg\" \/>\n\t<meta property=\"og:image:width\" content=\"1080\" \/>\n\t<meta property=\"og:image:height\" content=\"1080\" \/>\n\t<meta property=\"og:image:type\" content=\"image\/jpeg\" \/>\n<meta name=\"twitter:card\" content=\"summary_large_image\" \/>\n<meta name=\"twitter:label1\" content=\"Tempo di lettura stimato\" \/>\n\t<meta name=\"twitter:data1\" content=\"1 minuto\" \/>\n<script type=\"application\/ld+json\" class=\"yoast-schema-graph\">{\"@context\":\"https:\/\/schema.org\",\"@graph\":[{\"@type\":\"WebPage\",\"@id\":\"https:\/\/imperia.com\/it\/prodotto\/taglia-sfoglia-t-4\/\",\"url\":\"https:\/\/imperia.com\/it\/prodotto\/taglia-sfoglia-t-4\/\",\"name\":\"Taglia sfoglia T.4 Fettuccine 6,5 mm | Imperia Pasta\",\"isPartOf\":{\"@id\":\"https:\/\/imperia.com\/#website\"},\"primaryImageOfPage\":{\"@id\":\"https:\/\/imperia.com\/it\/prodotto\/taglia-sfoglia-t-4\/#primaryimage\"},\"image\":{\"@id\":\"https:\/\/imperia.com\/it\/prodotto\/taglia-sfoglia-t-4\/#primaryimage\"},\"thumbnailUrl\":\"https:\/\/imperia.com\/wp-content\/uploads\/2023\/12\/Rest-T4-fettuccine.jpg\",\"datePublished\":\"2023-12-13T16:44:50+00:00\",\"dateModified\":\"2026-03-01T15:12:33+00:00\",\"breadcrumb\":{\"@id\":\"https:\/\/imperia.com\/it\/prodotto\/taglia-sfoglia-t-4\/#breadcrumb\"},\"inLanguage\":\"it-IT\",\"potentialAction\":[{\"@type\":\"ReadAction\",\"target\":[\"https:\/\/imperia.com\/it\/prodotto\/taglia-sfoglia-t-4\/\"]}]},{\"@type\":\"ImageObject\",\"inLanguage\":\"it-IT\",\"@id\":\"https:\/\/imperia.com\/it\/prodotto\/taglia-sfoglia-t-4\/#primaryimage\",\"url\":\"https:\/\/imperia.com\/wp-content\/uploads\/2023\/12\/Rest-T4-fettuccine.jpg\",\"contentUrl\":\"https:\/\/imperia.com\/wp-content\/uploads\/2023\/12\/Rest-T4-fettuccine.jpg\",\"width\":1080,\"height\":1080},{\"@type\":\"BreadcrumbList\",\"@id\":\"https:\/\/imperia.com\/it\/prodotto\/taglia-sfoglia-t-4\/#breadcrumb\",\"itemListElement\":[{\"@type\":\"ListItem\",\"position\":1,\"name\":\"Home\",\"item\":\"https:\/\/imperia.com\/it\/\"},{\"@type\":\"ListItem\",\"position\":2,\"name\":\"Shop\",\"item\":\"https:\/\/imperia.com\/shop\/\"},{\"@type\":\"ListItem\",\"position\":3,\"name\":\"Taglia sfoglia T.4 Fettuccine 6,5 mm\"}]},{\"@type\":\"WebSite\",\"@id\":\"https:\/\/imperia.com\/#website\",\"url\":\"https:\/\/imperia.com\/\",\"name\":\"Imperia Pasta Machines\",\"description\":\"Progressive Italian Pasta Machines since 1932\",\"publisher\":{\"@id\":\"https:\/\/imperia.com\/#organization\"},\"potentialAction\":[{\"@type\":\"SearchAction\",\"target\":{\"@type\":\"EntryPoint\",\"urlTemplate\":\"https:\/\/imperia.com\/?s={search_term_string}\"},\"query-input\":{\"@type\":\"PropertyValueSpecification\",\"valueRequired\":true,\"valueName\":\"search_term_string\"}}],\"inLanguage\":\"it-IT\"},{\"@type\":\"Organization\",\"@id\":\"https:\/\/imperia.com\/#organization\",\"name\":\"Imperia Pasta\",\"url\":\"https:\/\/imperia.com\/\",\"logo\":{\"@type\":\"ImageObject\",\"inLanguage\":\"it-IT\",\"@id\":\"https:\/\/imperia.com\/#\/schema\/logo\/image\/\",\"url\":\"https:\/\/imperia.com\/wp-content\/uploads\/2023\/07\/cropped-logo.png\",\"contentUrl\":\"https:\/\/imperia.com\/wp-content\/uploads\/2023\/07\/cropped-logo.png\",\"width\":512,\"height\":512,\"caption\":\"Imperia Pasta\"},\"image\":{\"@id\":\"https:\/\/imperia.com\/#\/schema\/logo\/image\/\"},\"sameAs\":[\"https:\/\/www.facebook.com\/imperiapasta\",\"https:\/\/www.instagram.com\/imperiapasta\/\"]}]}<\/script>\n<!-- \/ Yoast SEO plugin. -->","yoast_head_json":{"title":"Taglia sfoglia T.4 Fettuccine 6,5 mm | Imperia Pasta","robots":{"index":"index","follow":"follow","max-snippet":"max-snippet:-1","max-image-preview":"max-image-preview:large","max-video-preview":"max-video-preview:-1"},"canonical":"https:\/\/imperia.com\/it\/prodotto\/taglia-sfoglia-t-4\/","og_locale":"it_IT","og_type":"article","og_title":"Taglia sfoglia T.4 Fettuccine 6,5 mm | Imperia Pasta","og_description":"Presentiamo l'accessorio Simplex della Imperia Pasta Restaurant, sapientemente progettato per la produzione di Fettuccine. Questo accessorio, costruito in acciaio inossidabile di alta qualit\u00e0, unisce durabilit\u00e0 e manutenzione semplice. \u00c8 ideale per produrre Fettuccine, un amato tipo di pasta noto per la sua forma pi\u00f9 larga e piatta che si abbina perfettamente con sughi pi\u00f9 densi. La precisione di questo accessorio garantisce una pasta tagliata uniformemente, migliorando la qualit\u00e0 dei tuoi piatti. La sua compatibilit\u00e0 con la macchina Imperia lo rende uno strumento prezioso per chiunque sia appassionato di creare autentica cucina italiana.  Caratteristiche principali:   Struttura in Acciaio Inossidabile: Offre longevit\u00e0 e facilit\u00e0 di pulizia  Perfetto per Fettuccine: Crea la larghezza ideale per le Fettuccine tradizionali  Design Compatibile: Si integra perfettamente con la macchina Imperia Pasta Restaurant","og_url":"https:\/\/imperia.com\/it\/prodotto\/taglia-sfoglia-t-4\/","og_site_name":"Imperia Pasta","article_publisher":"https:\/\/www.facebook.com\/imperiapasta","article_modified_time":"2026-03-01T15:12:33+00:00","og_image":[{"width":1080,"height":1080,"url":"https:\/\/imperia.com\/wp-content\/uploads\/2023\/12\/Rest-T4-fettuccine.jpg","type":"image\/jpeg"}],"twitter_card":"summary_large_image","twitter_misc":{"Tempo di lettura stimato":"1 minuto"},"schema":{"@context":"https:\/\/schema.org","@graph":[{"@type":"WebPage","@id":"https:\/\/imperia.com\/it\/prodotto\/taglia-sfoglia-t-4\/","url":"https:\/\/imperia.com\/it\/prodotto\/taglia-sfoglia-t-4\/","name":"Taglia sfoglia T.4 Fettuccine 6,5 mm | Imperia Pasta","isPartOf":{"@id":"https:\/\/imperia.com\/#website"},"primaryImageOfPage":{"@id":"https:\/\/imperia.com\/it\/prodotto\/taglia-sfoglia-t-4\/#primaryimage"},"image":{"@id":"https:\/\/imperia.com\/it\/prodotto\/taglia-sfoglia-t-4\/#primaryimage"},"thumbnailUrl":"https:\/\/imperia.com\/wp-content\/uploads\/2023\/12\/Rest-T4-fettuccine.jpg","datePublished":"2023-12-13T16:44:50+00:00","dateModified":"2026-03-01T15:12:33+00:00","breadcrumb":{"@id":"https:\/\/imperia.com\/it\/prodotto\/taglia-sfoglia-t-4\/#breadcrumb"},"inLanguage":"it-IT","potentialAction":[{"@type":"ReadAction","target":["https:\/\/imperia.com\/it\/prodotto\/taglia-sfoglia-t-4\/"]}]},{"@type":"ImageObject","inLanguage":"it-IT","@id":"https:\/\/imperia.com\/it\/prodotto\/taglia-sfoglia-t-4\/#primaryimage","url":"https:\/\/imperia.com\/wp-content\/uploads\/2023\/12\/Rest-T4-fettuccine.jpg","contentUrl":"https:\/\/imperia.com\/wp-content\/uploads\/2023\/12\/Rest-T4-fettuccine.jpg","width":1080,"height":1080},{"@type":"BreadcrumbList","@id":"https:\/\/imperia.com\/it\/prodotto\/taglia-sfoglia-t-4\/#breadcrumb","itemListElement":[{"@type":"ListItem","position":1,"name":"Home","item":"https:\/\/imperia.com\/it\/"},{"@type":"ListItem","position":2,"name":"Shop","item":"https:\/\/imperia.com\/shop\/"},{"@type":"ListItem","position":3,"name":"Taglia sfoglia T.4 Fettuccine 6,5 mm"}]},{"@type":"WebSite","@id":"https:\/\/imperia.com\/#website","url":"https:\/\/imperia.com\/","name":"Imperia Pasta Machines","description":"Progressive Italian Pasta Machines since 1932","publisher":{"@id":"https:\/\/imperia.com\/#organization"},"potentialAction":[{"@type":"SearchAction","target":{"@type":"EntryPoint","urlTemplate":"https:\/\/imperia.com\/?s={search_term_string}"},"query-input":{"@type":"PropertyValueSpecification","valueRequired":true,"valueName":"search_term_string"}}],"inLanguage":"it-IT"},{"@type":"Organization","@id":"https:\/\/imperia.com\/#organization","name":"Imperia Pasta","url":"https:\/\/imperia.com\/","logo":{"@type":"ImageObject","inLanguage":"it-IT","@id":"https:\/\/imperia.com\/#\/schema\/logo\/image\/","url":"https:\/\/imperia.com\/wp-content\/uploads\/2023\/07\/cropped-logo.png","contentUrl":"https:\/\/imperia.com\/wp-content\/uploads\/2023\/07\/cropped-logo.png","width":512,"height":512,"caption":"Imperia Pasta"},"image":{"@id":"https:\/\/imperia.com\/#\/schema\/logo\/image\/"},"sameAs":["https:\/\/www.facebook.com\/imperiapasta","https:\/\/www.instagram.com\/imperiapasta\/"]}]}},"_links":{"self":[{"href":"https:\/\/imperia.com\/it\/wp-json\/wp\/v2\/product\/1978","targetHints":{"allow":["GET"]}}],"collection":[{"href":"https:\/\/imperia.com\/it\/wp-json\/wp\/v2\/product"}],"about":[{"href":"https:\/\/imperia.com\/it\/wp-json\/wp\/v2\/types\/product"}],"wp:featuredmedia":[{"embeddable":true,"href":"https:\/\/imperia.com\/it\/wp-json\/wp\/v2\/media\/1779"}],"wp:attachment":[{"href":"https:\/\/imperia.com\/it\/wp-json\/wp\/v2\/media?parent=1978"}],"wp:term":[{"taxonomy":"product_brand","embeddable":true,"href":"https:\/\/imperia.com\/it\/wp-json\/wp\/v2\/product_brand?post=1978"},{"taxonomy":"product_cat","embeddable":true,"href":"https:\/\/imperia.com\/it\/wp-json\/wp\/v2\/product_cat?post=1978"},{"taxonomy":"product_tag","embeddable":true,"href":"https:\/\/imperia.com\/it\/wp-json\/wp\/v2\/product_tag?post=1978"}],"curies":[{"name":"wp","href":"https:\/\/api.w.org\/{rel}","templated":true}]}}