{"id":1979,"date":"2023-12-13T16:44:15","date_gmt":"2023-12-13T16:44:15","guid":{"rendered":"https:\/\/imperia.com\/product\/taglia-sfoglia-t-3\/"},"modified":"2026-04-01T22:26:22","modified_gmt":"2026-04-01T20:26:22","slug":"taglia-sfoglia-t-3","status":"publish","type":"product","link":"https:\/\/imperia.com\/it\/prodotto\/taglia-sfoglia-t-3\/","title":{"rendered":"Taglia sfoglia T.3 Trenette 4 mm"},"content":{"rendered":"","protected":false},"excerpt":{"rendered":"<p>L&#8217;accessorio Simplex dell&#8217;Imperia Pasta Restaurant \u00e8 un&#8217;ottima aggiunta per chi desidera creare autentiche pasta Trenette. Realizzato in acciaio inossidabile di alta qualit\u00e0, questo accessorio \u00e8 resistente e facile da pulire, garantendo un uso prolungato nella tua cucina. Le Trenette, una pasta tradizionale italiana simile alle fettuccine ma leggermente pi\u00f9 strette, sono ideali per una variet\u00e0 di sughi e piatti. Questo accessorio ti permette di creare facilmente questa classica forma di pasta con la tua macchina Imperia, aggiungendo versatilit\u00e0 e autenticit\u00e0 al tuo repertorio nella preparazione della pasta.<\/p>\n<p><strong>Caratteristiche principali:<\/strong><\/p>\n<ul>\n<li>Acciaio Inossidabile Durevole: Lunga durata e facile da pulire<\/li>\n<li>Forma Autentica di Trenette: Ideale per creare la tradizionale pasta Trenette<\/li>\n<li>Compatibilit\u00e0 Perfetta: Progettato per funzionare perfettamente con la macchina Imperia Pasta Restaurant.<\/li>\n<\/ul>\n","protected":false},"featured_media":1778,"template":"","meta":[],"product_brand":[],"product_cat":[61],"product_tag":[],"class_list":{"0":"post-1979","1":"product","2":"type-product","3":"status-publish","4":"has-post-thumbnail","6":"product_cat-linea-restaurant","8":"first","9":"instock","10":"shipping-taxable","11":"purchasable","12":"product-type-simple"},"yoast_head":"<!-- This site is optimized with the Yoast SEO plugin v26.6 - https:\/\/yoast.com\/wordpress\/plugins\/seo\/ -->\n<title>Taglia sfoglia T.3 Trenette 4 mm | Imperia Pasta<\/title>\n<meta name=\"robots\" content=\"index, follow, max-snippet:-1, max-image-preview:large, max-video-preview:-1\" \/>\n<link rel=\"canonical\" href=\"https:\/\/imperia.com\/it\/prodotto\/taglia-sfoglia-t-3\/\" \/>\n<meta property=\"og:locale\" content=\"it_IT\" \/>\n<meta property=\"og:type\" content=\"article\" \/>\n<meta property=\"og:title\" content=\"Taglia sfoglia T.3 Trenette 4 mm | Imperia Pasta\" \/>\n<meta property=\"og:description\" content=\"L&#039;accessorio Simplex dell&#039;Imperia Pasta Restaurant \u00e8 un&#039;ottima aggiunta per chi desidera creare autentiche pasta Trenette. Realizzato in acciaio inossidabile di alta qualit\u00e0, questo accessorio \u00e8 resistente e facile da pulire, garantendo un uso prolungato nella tua cucina. Le Trenette, una pasta tradizionale italiana simile alle fettuccine ma leggermente pi\u00f9 strette, sono ideali per una variet\u00e0 di sughi e piatti. Questo accessorio ti permette di creare facilmente questa classica forma di pasta con la tua macchina Imperia, aggiungendo versatilit\u00e0 e autenticit\u00e0 al tuo repertorio nella preparazione della pasta.  Caratteristiche principali:   Acciaio Inossidabile Durevole: Lunga durata e facile da pulire  Forma Autentica di Trenette: Ideale per creare la tradizionale pasta Trenette  Compatibilit\u00e0 Perfetta: Progettato per funzionare perfettamente con la macchina Imperia Pasta Restaurant.\" \/>\n<meta property=\"og:url\" content=\"https:\/\/imperia.com\/it\/prodotto\/taglia-sfoglia-t-3\/\" \/>\n<meta property=\"og:site_name\" content=\"Imperia Pasta\" \/>\n<meta property=\"article:publisher\" content=\"https:\/\/www.facebook.com\/imperiapasta\" \/>\n<meta property=\"article:modified_time\" content=\"2026-04-01T20:26:22+00:00\" \/>\n<meta property=\"og:image\" content=\"https:\/\/imperia.com\/wp-content\/uploads\/2023\/12\/Rest-T3-trenette.jpg\" \/>\n\t<meta property=\"og:image:width\" content=\"1080\" \/>\n\t<meta property=\"og:image:height\" content=\"1080\" \/>\n\t<meta property=\"og:image:type\" content=\"image\/jpeg\" \/>\n<meta name=\"twitter:card\" content=\"summary_large_image\" \/>\n<meta name=\"twitter:label1\" content=\"Tempo di lettura stimato\" \/>\n\t<meta name=\"twitter:data1\" content=\"1 minuto\" \/>\n<script type=\"application\/ld+json\" class=\"yoast-schema-graph\">{\"@context\":\"https:\/\/schema.org\",\"@graph\":[{\"@type\":\"WebPage\",\"@id\":\"https:\/\/imperia.com\/it\/prodotto\/taglia-sfoglia-t-3\/\",\"url\":\"https:\/\/imperia.com\/it\/prodotto\/taglia-sfoglia-t-3\/\",\"name\":\"Taglia sfoglia T.3 Trenette 4 mm | Imperia Pasta\",\"isPartOf\":{\"@id\":\"https:\/\/imperia.com\/#website\"},\"primaryImageOfPage\":{\"@id\":\"https:\/\/imperia.com\/it\/prodotto\/taglia-sfoglia-t-3\/#primaryimage\"},\"image\":{\"@id\":\"https:\/\/imperia.com\/it\/prodotto\/taglia-sfoglia-t-3\/#primaryimage\"},\"thumbnailUrl\":\"https:\/\/imperia.com\/wp-content\/uploads\/2023\/12\/Rest-T3-trenette.jpg\",\"datePublished\":\"2023-12-13T16:44:15+00:00\",\"dateModified\":\"2026-04-01T20:26:22+00:00\",\"breadcrumb\":{\"@id\":\"https:\/\/imperia.com\/it\/prodotto\/taglia-sfoglia-t-3\/#breadcrumb\"},\"inLanguage\":\"it-IT\",\"potentialAction\":[{\"@type\":\"ReadAction\",\"target\":[\"https:\/\/imperia.com\/it\/prodotto\/taglia-sfoglia-t-3\/\"]}]},{\"@type\":\"ImageObject\",\"inLanguage\":\"it-IT\",\"@id\":\"https:\/\/imperia.com\/it\/prodotto\/taglia-sfoglia-t-3\/#primaryimage\",\"url\":\"https:\/\/imperia.com\/wp-content\/uploads\/2023\/12\/Rest-T3-trenette.jpg\",\"contentUrl\":\"https:\/\/imperia.com\/wp-content\/uploads\/2023\/12\/Rest-T3-trenette.jpg\",\"width\":1080,\"height\":1080},{\"@type\":\"BreadcrumbList\",\"@id\":\"https:\/\/imperia.com\/it\/prodotto\/taglia-sfoglia-t-3\/#breadcrumb\",\"itemListElement\":[{\"@type\":\"ListItem\",\"position\":1,\"name\":\"Home\",\"item\":\"https:\/\/imperia.com\/it\/\"},{\"@type\":\"ListItem\",\"position\":2,\"name\":\"Shop\",\"item\":\"https:\/\/imperia.com\/shop\/\"},{\"@type\":\"ListItem\",\"position\":3,\"name\":\"Taglia sfoglia T.3 Trenette 4 mm\"}]},{\"@type\":\"WebSite\",\"@id\":\"https:\/\/imperia.com\/#website\",\"url\":\"https:\/\/imperia.com\/\",\"name\":\"Imperia Pasta Machines\",\"description\":\"Progressive Italian Pasta Machines since 1932\",\"publisher\":{\"@id\":\"https:\/\/imperia.com\/#organization\"},\"potentialAction\":[{\"@type\":\"SearchAction\",\"target\":{\"@type\":\"EntryPoint\",\"urlTemplate\":\"https:\/\/imperia.com\/?s={search_term_string}\"},\"query-input\":{\"@type\":\"PropertyValueSpecification\",\"valueRequired\":true,\"valueName\":\"search_term_string\"}}],\"inLanguage\":\"it-IT\"},{\"@type\":\"Organization\",\"@id\":\"https:\/\/imperia.com\/#organization\",\"name\":\"Imperia Pasta\",\"url\":\"https:\/\/imperia.com\/\",\"logo\":{\"@type\":\"ImageObject\",\"inLanguage\":\"it-IT\",\"@id\":\"https:\/\/imperia.com\/#\/schema\/logo\/image\/\",\"url\":\"https:\/\/imperia.com\/wp-content\/uploads\/2023\/07\/cropped-logo.png\",\"contentUrl\":\"https:\/\/imperia.com\/wp-content\/uploads\/2023\/07\/cropped-logo.png\",\"width\":512,\"height\":512,\"caption\":\"Imperia Pasta\"},\"image\":{\"@id\":\"https:\/\/imperia.com\/#\/schema\/logo\/image\/\"},\"sameAs\":[\"https:\/\/www.facebook.com\/imperiapasta\",\"https:\/\/www.instagram.com\/imperiapasta\/\"]}]}<\/script>\n<!-- \/ Yoast SEO plugin. -->","yoast_head_json":{"title":"Taglia sfoglia T.3 Trenette 4 mm | Imperia Pasta","robots":{"index":"index","follow":"follow","max-snippet":"max-snippet:-1","max-image-preview":"max-image-preview:large","max-video-preview":"max-video-preview:-1"},"canonical":"https:\/\/imperia.com\/it\/prodotto\/taglia-sfoglia-t-3\/","og_locale":"it_IT","og_type":"article","og_title":"Taglia sfoglia T.3 Trenette 4 mm | Imperia Pasta","og_description":"L'accessorio Simplex dell'Imperia Pasta Restaurant \u00e8 un'ottima aggiunta per chi desidera creare autentiche pasta Trenette. Realizzato in acciaio inossidabile di alta qualit\u00e0, questo accessorio \u00e8 resistente e facile da pulire, garantendo un uso prolungato nella tua cucina. Le Trenette, una pasta tradizionale italiana simile alle fettuccine ma leggermente pi\u00f9 strette, sono ideali per una variet\u00e0 di sughi e piatti. Questo accessorio ti permette di creare facilmente questa classica forma di pasta con la tua macchina Imperia, aggiungendo versatilit\u00e0 e autenticit\u00e0 al tuo repertorio nella preparazione della pasta.  Caratteristiche principali:   Acciaio Inossidabile Durevole: Lunga durata e facile da pulire  Forma Autentica di Trenette: Ideale per creare la tradizionale pasta Trenette  Compatibilit\u00e0 Perfetta: Progettato per funzionare perfettamente con la macchina Imperia Pasta Restaurant.","og_url":"https:\/\/imperia.com\/it\/prodotto\/taglia-sfoglia-t-3\/","og_site_name":"Imperia Pasta","article_publisher":"https:\/\/www.facebook.com\/imperiapasta","article_modified_time":"2026-04-01T20:26:22+00:00","og_image":[{"width":1080,"height":1080,"url":"https:\/\/imperia.com\/wp-content\/uploads\/2023\/12\/Rest-T3-trenette.jpg","type":"image\/jpeg"}],"twitter_card":"summary_large_image","twitter_misc":{"Tempo di lettura stimato":"1 minuto"},"schema":{"@context":"https:\/\/schema.org","@graph":[{"@type":"WebPage","@id":"https:\/\/imperia.com\/it\/prodotto\/taglia-sfoglia-t-3\/","url":"https:\/\/imperia.com\/it\/prodotto\/taglia-sfoglia-t-3\/","name":"Taglia sfoglia T.3 Trenette 4 mm | Imperia Pasta","isPartOf":{"@id":"https:\/\/imperia.com\/#website"},"primaryImageOfPage":{"@id":"https:\/\/imperia.com\/it\/prodotto\/taglia-sfoglia-t-3\/#primaryimage"},"image":{"@id":"https:\/\/imperia.com\/it\/prodotto\/taglia-sfoglia-t-3\/#primaryimage"},"thumbnailUrl":"https:\/\/imperia.com\/wp-content\/uploads\/2023\/12\/Rest-T3-trenette.jpg","datePublished":"2023-12-13T16:44:15+00:00","dateModified":"2026-04-01T20:26:22+00:00","breadcrumb":{"@id":"https:\/\/imperia.com\/it\/prodotto\/taglia-sfoglia-t-3\/#breadcrumb"},"inLanguage":"it-IT","potentialAction":[{"@type":"ReadAction","target":["https:\/\/imperia.com\/it\/prodotto\/taglia-sfoglia-t-3\/"]}]},{"@type":"ImageObject","inLanguage":"it-IT","@id":"https:\/\/imperia.com\/it\/prodotto\/taglia-sfoglia-t-3\/#primaryimage","url":"https:\/\/imperia.com\/wp-content\/uploads\/2023\/12\/Rest-T3-trenette.jpg","contentUrl":"https:\/\/imperia.com\/wp-content\/uploads\/2023\/12\/Rest-T3-trenette.jpg","width":1080,"height":1080},{"@type":"BreadcrumbList","@id":"https:\/\/imperia.com\/it\/prodotto\/taglia-sfoglia-t-3\/#breadcrumb","itemListElement":[{"@type":"ListItem","position":1,"name":"Home","item":"https:\/\/imperia.com\/it\/"},{"@type":"ListItem","position":2,"name":"Shop","item":"https:\/\/imperia.com\/shop\/"},{"@type":"ListItem","position":3,"name":"Taglia sfoglia T.3 Trenette 4 mm"}]},{"@type":"WebSite","@id":"https:\/\/imperia.com\/#website","url":"https:\/\/imperia.com\/","name":"Imperia Pasta Machines","description":"Progressive Italian Pasta Machines since 1932","publisher":{"@id":"https:\/\/imperia.com\/#organization"},"potentialAction":[{"@type":"SearchAction","target":{"@type":"EntryPoint","urlTemplate":"https:\/\/imperia.com\/?s={search_term_string}"},"query-input":{"@type":"PropertyValueSpecification","valueRequired":true,"valueName":"search_term_string"}}],"inLanguage":"it-IT"},{"@type":"Organization","@id":"https:\/\/imperia.com\/#organization","name":"Imperia Pasta","url":"https:\/\/imperia.com\/","logo":{"@type":"ImageObject","inLanguage":"it-IT","@id":"https:\/\/imperia.com\/#\/schema\/logo\/image\/","url":"https:\/\/imperia.com\/wp-content\/uploads\/2023\/07\/cropped-logo.png","contentUrl":"https:\/\/imperia.com\/wp-content\/uploads\/2023\/07\/cropped-logo.png","width":512,"height":512,"caption":"Imperia Pasta"},"image":{"@id":"https:\/\/imperia.com\/#\/schema\/logo\/image\/"},"sameAs":["https:\/\/www.facebook.com\/imperiapasta","https:\/\/www.instagram.com\/imperiapasta\/"]}]}},"_links":{"self":[{"href":"https:\/\/imperia.com\/it\/wp-json\/wp\/v2\/product\/1979","targetHints":{"allow":["GET"]}}],"collection":[{"href":"https:\/\/imperia.com\/it\/wp-json\/wp\/v2\/product"}],"about":[{"href":"https:\/\/imperia.com\/it\/wp-json\/wp\/v2\/types\/product"}],"wp:featuredmedia":[{"embeddable":true,"href":"https:\/\/imperia.com\/it\/wp-json\/wp\/v2\/media\/1778"}],"wp:attachment":[{"href":"https:\/\/imperia.com\/it\/wp-json\/wp\/v2\/media?parent=1979"}],"wp:term":[{"taxonomy":"product_brand","embeddable":true,"href":"https:\/\/imperia.com\/it\/wp-json\/wp\/v2\/product_brand?post=1979"},{"taxonomy":"product_cat","embeddable":true,"href":"https:\/\/imperia.com\/it\/wp-json\/wp\/v2\/product_cat?post=1979"},{"taxonomy":"product_tag","embeddable":true,"href":"https:\/\/imperia.com\/it\/wp-json\/wp\/v2\/product_tag?post=1979"}],"curies":[{"name":"wp","href":"https:\/\/api.w.org\/{rel}","templated":true}]}}