{"id":1983,"date":"2023-12-13T08:55:17","date_gmt":"2023-12-13T08:55:17","guid":{"rendered":"https:\/\/imperia.com\/product\/restaurant-manuale\/"},"modified":"2025-11-26T10:12:04","modified_gmt":"2025-11-26T09:12:04","slug":"restaurant-manuale","status":"publish","type":"product","link":"https:\/\/imperia.com\/it\/prodotto\/restaurant-manuale\/","title":{"rendered":"Restaurant Manuale"},"content":{"rendered":"","protected":false},"excerpt":{"rendered":"<p>L&#8217;Imperia Restaurant, una macchina per la pasta semi-professionale, esemplifica l&#8217;artigianato italiano al suo meglio. Costruita in acciaio cromato di alta qualit\u00e0, questa macchina \u00e8 un testimone di durabilit\u00e0 e prestazione. La sua funzione principale \u00e8 creare perfette sfoglie di pasta, ponendo le basi per una variet\u00e0 di piatti di pasta fatti in casa. Il design garantisce facilit\u00e0 d&#8217;uso ed efficienza, rendendola la scelta ideale sia per gli appassionati di cucina casalinga italiana autentica che per i professionisti culinari in cerca di attrezzature affidabili.<\/p>\n<p><strong>Caratteristiche principali:<\/strong><\/p>\n<ul>\n<li>Costruzione Robusta: Realizzata in acciaio cromato per garantire longevit\u00e0 e prestazioni consistenti.<\/li>\n<li>Specializzata per Sfoglie di Pasta: Specificamente progettata per creare sfoglie di pasta impeccabili, adatte per vari tipi di pasta.<\/li>\n<li>Facile da Usare: Semplice da operare, perfetta sia per ambienti domestici che semi-professionali.<\/li>\n<\/ul>\n","protected":false},"featured_media":1771,"template":"","meta":[],"product_brand":[],"product_cat":[61],"product_tag":[],"class_list":{"0":"post-1983","1":"product","2":"type-product","3":"status-publish","4":"has-post-thumbnail","6":"product_cat-linea-restaurant","8":"first","9":"instock","10":"shipping-taxable","11":"purchasable","12":"product-type-simple"},"yoast_head":"<!-- This site is optimized with the Yoast SEO plugin v26.6 - https:\/\/yoast.com\/wordpress\/plugins\/seo\/ -->\n<title>Restaurant Manuale | Imperia Pasta<\/title>\n<meta name=\"robots\" content=\"index, follow, max-snippet:-1, max-image-preview:large, max-video-preview:-1\" \/>\n<link rel=\"canonical\" href=\"https:\/\/imperia.com\/it\/prodotto\/restaurant-manuale\/\" \/>\n<meta property=\"og:locale\" content=\"it_IT\" \/>\n<meta property=\"og:type\" content=\"article\" \/>\n<meta property=\"og:title\" content=\"Restaurant Manuale | Imperia Pasta\" \/>\n<meta property=\"og:description\" content=\"L&#039;Imperia Restaurant, una macchina per la pasta semi-professionale, esemplifica l&#039;artigianato italiano al suo meglio. Costruita in acciaio cromato di alta qualit\u00e0, questa macchina \u00e8 un testimone di durabilit\u00e0 e prestazione. La sua funzione principale \u00e8 creare perfette sfoglie di pasta, ponendo le basi per una variet\u00e0 di piatti di pasta fatti in casa. Il design garantisce facilit\u00e0 d&#039;uso ed efficienza, rendendola la scelta ideale sia per gli appassionati di cucina casalinga italiana autentica che per i professionisti culinari in cerca di attrezzature affidabili.  Caratteristiche principali:   Costruzione Robusta: Realizzata in acciaio cromato per garantire longevit\u00e0 e prestazioni consistenti.  Specializzata per Sfoglie di Pasta: Specificamente progettata per creare sfoglie di pasta impeccabili, adatte per vari tipi di pasta.  Facile da Usare: Semplice da operare, perfetta sia per ambienti domestici che semi-professionali.\" \/>\n<meta property=\"og:url\" content=\"https:\/\/imperia.com\/it\/prodotto\/restaurant-manuale\/\" \/>\n<meta property=\"og:site_name\" content=\"Imperia Pasta\" \/>\n<meta property=\"article:publisher\" content=\"https:\/\/www.facebook.com\/imperiapasta\" \/>\n<meta property=\"article:modified_time\" content=\"2025-11-26T09:12:04+00:00\" \/>\n<meta property=\"og:image\" content=\"https:\/\/imperia.com\/wp-content\/uploads\/2023\/12\/restaurant-manuale.jpg\" \/>\n\t<meta property=\"og:image:width\" content=\"1080\" \/>\n\t<meta property=\"og:image:height\" content=\"1080\" \/>\n\t<meta property=\"og:image:type\" content=\"image\/jpeg\" \/>\n<meta name=\"twitter:card\" content=\"summary_large_image\" \/>\n<script type=\"application\/ld+json\" class=\"yoast-schema-graph\">{\"@context\":\"https:\/\/schema.org\",\"@graph\":[{\"@type\":\"WebPage\",\"@id\":\"https:\/\/imperia.com\/it\/prodotto\/restaurant-manuale\/\",\"url\":\"https:\/\/imperia.com\/it\/prodotto\/restaurant-manuale\/\",\"name\":\"Restaurant Manuale | Imperia Pasta\",\"isPartOf\":{\"@id\":\"https:\/\/imperia.com\/#website\"},\"primaryImageOfPage\":{\"@id\":\"https:\/\/imperia.com\/it\/prodotto\/restaurant-manuale\/#primaryimage\"},\"image\":{\"@id\":\"https:\/\/imperia.com\/it\/prodotto\/restaurant-manuale\/#primaryimage\"},\"thumbnailUrl\":\"https:\/\/imperia.com\/wp-content\/uploads\/2023\/12\/restaurant-manuale.jpg\",\"datePublished\":\"2023-12-13T08:55:17+00:00\",\"dateModified\":\"2025-11-26T09:12:04+00:00\",\"breadcrumb\":{\"@id\":\"https:\/\/imperia.com\/it\/prodotto\/restaurant-manuale\/#breadcrumb\"},\"inLanguage\":\"it-IT\",\"potentialAction\":[{\"@type\":\"ReadAction\",\"target\":[\"https:\/\/imperia.com\/it\/prodotto\/restaurant-manuale\/\"]}]},{\"@type\":\"ImageObject\",\"inLanguage\":\"it-IT\",\"@id\":\"https:\/\/imperia.com\/it\/prodotto\/restaurant-manuale\/#primaryimage\",\"url\":\"https:\/\/imperia.com\/wp-content\/uploads\/2023\/12\/restaurant-manuale.jpg\",\"contentUrl\":\"https:\/\/imperia.com\/wp-content\/uploads\/2023\/12\/restaurant-manuale.jpg\",\"width\":1080,\"height\":1080},{\"@type\":\"BreadcrumbList\",\"@id\":\"https:\/\/imperia.com\/it\/prodotto\/restaurant-manuale\/#breadcrumb\",\"itemListElement\":[{\"@type\":\"ListItem\",\"position\":1,\"name\":\"Home\",\"item\":\"https:\/\/imperia.com\/it\/\"},{\"@type\":\"ListItem\",\"position\":2,\"name\":\"Shop\",\"item\":\"https:\/\/imperia.com\/shop\/\"},{\"@type\":\"ListItem\",\"position\":3,\"name\":\"Restaurant Manuale\"}]},{\"@type\":\"WebSite\",\"@id\":\"https:\/\/imperia.com\/#website\",\"url\":\"https:\/\/imperia.com\/\",\"name\":\"Imperia Pasta Machines\",\"description\":\"Progressive Italian Pasta Machines since 1932\",\"publisher\":{\"@id\":\"https:\/\/imperia.com\/#organization\"},\"potentialAction\":[{\"@type\":\"SearchAction\",\"target\":{\"@type\":\"EntryPoint\",\"urlTemplate\":\"https:\/\/imperia.com\/?s={search_term_string}\"},\"query-input\":{\"@type\":\"PropertyValueSpecification\",\"valueRequired\":true,\"valueName\":\"search_term_string\"}}],\"inLanguage\":\"it-IT\"},{\"@type\":\"Organization\",\"@id\":\"https:\/\/imperia.com\/#organization\",\"name\":\"Imperia Pasta\",\"url\":\"https:\/\/imperia.com\/\",\"logo\":{\"@type\":\"ImageObject\",\"inLanguage\":\"it-IT\",\"@id\":\"https:\/\/imperia.com\/#\/schema\/logo\/image\/\",\"url\":\"https:\/\/imperia.com\/wp-content\/uploads\/2023\/07\/cropped-logo.png\",\"contentUrl\":\"https:\/\/imperia.com\/wp-content\/uploads\/2023\/07\/cropped-logo.png\",\"width\":512,\"height\":512,\"caption\":\"Imperia Pasta\"},\"image\":{\"@id\":\"https:\/\/imperia.com\/#\/schema\/logo\/image\/\"},\"sameAs\":[\"https:\/\/www.facebook.com\/imperiapasta\",\"https:\/\/www.instagram.com\/imperiapasta\/\"]}]}<\/script>\n<!-- \/ Yoast SEO plugin. -->","yoast_head_json":{"title":"Restaurant Manuale | Imperia Pasta","robots":{"index":"index","follow":"follow","max-snippet":"max-snippet:-1","max-image-preview":"max-image-preview:large","max-video-preview":"max-video-preview:-1"},"canonical":"https:\/\/imperia.com\/it\/prodotto\/restaurant-manuale\/","og_locale":"it_IT","og_type":"article","og_title":"Restaurant Manuale | Imperia Pasta","og_description":"L'Imperia Restaurant, una macchina per la pasta semi-professionale, esemplifica l'artigianato italiano al suo meglio. Costruita in acciaio cromato di alta qualit\u00e0, questa macchina \u00e8 un testimone di durabilit\u00e0 e prestazione. La sua funzione principale \u00e8 creare perfette sfoglie di pasta, ponendo le basi per una variet\u00e0 di piatti di pasta fatti in casa. Il design garantisce facilit\u00e0 d'uso ed efficienza, rendendola la scelta ideale sia per gli appassionati di cucina casalinga italiana autentica che per i professionisti culinari in cerca di attrezzature affidabili.  Caratteristiche principali:   Costruzione Robusta: Realizzata in acciaio cromato per garantire longevit\u00e0 e prestazioni consistenti.  Specializzata per Sfoglie di Pasta: Specificamente progettata per creare sfoglie di pasta impeccabili, adatte per vari tipi di pasta.  Facile da Usare: Semplice da operare, perfetta sia per ambienti domestici che semi-professionali.","og_url":"https:\/\/imperia.com\/it\/prodotto\/restaurant-manuale\/","og_site_name":"Imperia Pasta","article_publisher":"https:\/\/www.facebook.com\/imperiapasta","article_modified_time":"2025-11-26T09:12:04+00:00","og_image":[{"width":1080,"height":1080,"url":"https:\/\/imperia.com\/wp-content\/uploads\/2023\/12\/restaurant-manuale.jpg","type":"image\/jpeg"}],"twitter_card":"summary_large_image","schema":{"@context":"https:\/\/schema.org","@graph":[{"@type":"WebPage","@id":"https:\/\/imperia.com\/it\/prodotto\/restaurant-manuale\/","url":"https:\/\/imperia.com\/it\/prodotto\/restaurant-manuale\/","name":"Restaurant Manuale | Imperia Pasta","isPartOf":{"@id":"https:\/\/imperia.com\/#website"},"primaryImageOfPage":{"@id":"https:\/\/imperia.com\/it\/prodotto\/restaurant-manuale\/#primaryimage"},"image":{"@id":"https:\/\/imperia.com\/it\/prodotto\/restaurant-manuale\/#primaryimage"},"thumbnailUrl":"https:\/\/imperia.com\/wp-content\/uploads\/2023\/12\/restaurant-manuale.jpg","datePublished":"2023-12-13T08:55:17+00:00","dateModified":"2025-11-26T09:12:04+00:00","breadcrumb":{"@id":"https:\/\/imperia.com\/it\/prodotto\/restaurant-manuale\/#breadcrumb"},"inLanguage":"it-IT","potentialAction":[{"@type":"ReadAction","target":["https:\/\/imperia.com\/it\/prodotto\/restaurant-manuale\/"]}]},{"@type":"ImageObject","inLanguage":"it-IT","@id":"https:\/\/imperia.com\/it\/prodotto\/restaurant-manuale\/#primaryimage","url":"https:\/\/imperia.com\/wp-content\/uploads\/2023\/12\/restaurant-manuale.jpg","contentUrl":"https:\/\/imperia.com\/wp-content\/uploads\/2023\/12\/restaurant-manuale.jpg","width":1080,"height":1080},{"@type":"BreadcrumbList","@id":"https:\/\/imperia.com\/it\/prodotto\/restaurant-manuale\/#breadcrumb","itemListElement":[{"@type":"ListItem","position":1,"name":"Home","item":"https:\/\/imperia.com\/it\/"},{"@type":"ListItem","position":2,"name":"Shop","item":"https:\/\/imperia.com\/shop\/"},{"@type":"ListItem","position":3,"name":"Restaurant Manuale"}]},{"@type":"WebSite","@id":"https:\/\/imperia.com\/#website","url":"https:\/\/imperia.com\/","name":"Imperia Pasta Machines","description":"Progressive Italian Pasta Machines since 1932","publisher":{"@id":"https:\/\/imperia.com\/#organization"},"potentialAction":[{"@type":"SearchAction","target":{"@type":"EntryPoint","urlTemplate":"https:\/\/imperia.com\/?s={search_term_string}"},"query-input":{"@type":"PropertyValueSpecification","valueRequired":true,"valueName":"search_term_string"}}],"inLanguage":"it-IT"},{"@type":"Organization","@id":"https:\/\/imperia.com\/#organization","name":"Imperia Pasta","url":"https:\/\/imperia.com\/","logo":{"@type":"ImageObject","inLanguage":"it-IT","@id":"https:\/\/imperia.com\/#\/schema\/logo\/image\/","url":"https:\/\/imperia.com\/wp-content\/uploads\/2023\/07\/cropped-logo.png","contentUrl":"https:\/\/imperia.com\/wp-content\/uploads\/2023\/07\/cropped-logo.png","width":512,"height":512,"caption":"Imperia Pasta"},"image":{"@id":"https:\/\/imperia.com\/#\/schema\/logo\/image\/"},"sameAs":["https:\/\/www.facebook.com\/imperiapasta","https:\/\/www.instagram.com\/imperiapasta\/"]}]}},"_links":{"self":[{"href":"https:\/\/imperia.com\/it\/wp-json\/wp\/v2\/product\/1983","targetHints":{"allow":["GET"]}}],"collection":[{"href":"https:\/\/imperia.com\/it\/wp-json\/wp\/v2\/product"}],"about":[{"href":"https:\/\/imperia.com\/it\/wp-json\/wp\/v2\/types\/product"}],"wp:featuredmedia":[{"embeddable":true,"href":"https:\/\/imperia.com\/it\/wp-json\/wp\/v2\/media\/1771"}],"wp:attachment":[{"href":"https:\/\/imperia.com\/it\/wp-json\/wp\/v2\/media?parent=1983"}],"wp:term":[{"taxonomy":"product_brand","embeddable":true,"href":"https:\/\/imperia.com\/it\/wp-json\/wp\/v2\/product_brand?post=1983"},{"taxonomy":"product_cat","embeddable":true,"href":"https:\/\/imperia.com\/it\/wp-json\/wp\/v2\/product_cat?post=1983"},{"taxonomy":"product_tag","embeddable":true,"href":"https:\/\/imperia.com\/it\/wp-json\/wp\/v2\/product_tag?post=1983"}],"curies":[{"name":"wp","href":"https:\/\/api.w.org\/{rel}","templated":true}]}}